{"id":1710,"date":"2025-07-02T08:56:11","date_gmt":"2025-07-02T08:56:11","guid":{"rendered":"https:\/\/morfil.pt\/cookies-em-utilizacao\/"},"modified":"2025-12-03T12:38:20","modified_gmt":"2025-12-03T12:38:20","slug":"cookies-em-utilizacao","status":"publish","type":"page","link":"https:\/\/morfil.pt\/fr\/cookies-em-utilizacao\/","title":{"rendered":"Cookies utilis\u00e9s"},"content":{"rendered":"<p>[vc_row el_class=\u00a0\u00bbpol\u00a0\u00bb][vc_column][vc_column_text el_class=\u00a0\u00bbintro\u00a0\u00bb]<\/p>\n<h1 style=\"text-align: center;\" data-start=\"268\" data-end=\"304\"><strong data-start=\"270\" data-end=\"304\">Cookies utilis\u00e9s &#8211; Morfil<\/strong><\/h1>\n<p style=\"text-align: center;\" data-start=\"306\" data-end=\"342\"><strong data-start=\"306\" data-end=\"340\">Derni\u00e8re mise \u00e0 jour : 03\/12\/2025<\/strong><\/p>\n<p>[\/vc_column_text][vc_column_text el_class=\u00a0\u00bbintro2&Prime;]<\/p>\n<p style=\"text-align: center;\" data-start=\"180\" data-end=\"478\">Morfil utilise des cookies sur son site web pour am\u00e9liorer votre exp\u00e9rience de navigation et assurer le bon fonctionnement des fonctionnalit\u00e9s du site. Cette page explique quels sont les cookies utilis\u00e9s, \u00e0 quoi ils servent et comment vous pouvez les g\u00e9rer. <\/p>\n<p>[\/vc_column_text][vc_column_text el_class=\u00a0\u00bbpol1&Prime;]<\/p>\n<h2 data-start=\"593\" data-end=\"620\">1. <strong data-start=\"599\" data-end=\"620\">Qu&rsquo;est-ce qu&rsquo;un cookie ?<\/strong><\/h2>\n<p>&nbsp;<\/p>\n<p data-start=\"622\" data-end=\"823\">Les cookies sont de petits fichiers texte stock\u00e9s sur votre appareil lorsque vous visitez un site web. Ils permettent au site de \u00ab\u00a0m\u00e9moriser\u00a0\u00bb vos pr\u00e9f\u00e9rences et vos informations, am\u00e9liorant ainsi l&rsquo;exp\u00e9rience de l&rsquo;utilisateur. <\/p>\n<p>[\/vc_column_text][vc_column_text el_class=\u00a0\u00bbpol2&Prime;]<\/p>\n<h2 data-start=\"830\" data-end=\"879\">2. <strong data-start=\"836\" data-end=\"879\">Types de cookies utilis\u00e9s par Morfil<\/strong><\/h2>\n<p>&nbsp;<\/p>\n<p data-start=\"881\" data-end=\"976\">Sur notre site web, nous n&rsquo;utilisons que des <strong data-start=\"914\" data-end=\"956\">cookies essentiels et de fonctionnalit\u00e9<\/strong>, qui sont utilis\u00e9s pour :<\/p>\n<p>&#8211; <strong data-start=\"980\" data-end=\"1015\"> M\u00e9moriser les pr\u00e9f\u00e9rences de l&rsquo;utilisateur<\/strong>: par exemple, la langue, la mise en page ou le consentement aux cookies.<\/p>\n<p>&#8211; <strong data-start=\"1078\" data-end=\"1132\"> Assurer le fonctionnement du formulaire de contact<\/strong>: vous permettre d&rsquo;envoyer correctement des messages ou des demandes de devis.<\/p>\n<p data-start=\"1217\" data-end=\"1365\">&#8211; <strong data-start=\"1217\" data-end=\"1241\"> Statistiques de base<\/strong>: certains cookies peuvent \u00eatre utilis\u00e9s pour analyser le nombre de visiteurs qui acc\u00e8dent au site, sans identifier les utilisateurs individuels.<\/p>\n<p data-start=\"1217\" data-end=\"1365\"><strong data-start=\"1369\" data-end=\"1384\">Note :<\/strong> Morfil <strong data-start=\"1394\" data-end=\"1457\">n&rsquo;utilise pas de cookies publicitaires ou de tracking avanc\u00e9<\/strong>. Aucune donn\u00e9e personnelle n&rsquo;est vendue ou partag\u00e9e avec des tiers \u00e0 des fins commerciales. <\/p>\n<p>[\/vc_column_text][vc_column_text el_class=\u00a0\u00bbpol3&Prime;]<\/p>\n<h2 data-start=\"1909\" data-end=\"1932\">3. <strong data-start=\"1915\" data-end=\"1932\">Consentement<\/strong><\/h2>\n<p>&nbsp;<\/p>\n<p data-start=\"1934\" data-end=\"2049\">En continuant \u00e0 naviguer sur le site de Morfil, vous acceptez l&rsquo;utilisation de cookies telle que d\u00e9crite sur cette page.<\/p>\n<p>[\/vc_column_text][vc_column_text]<\/p>\n<h2 data-start=\"1249\" data-end=\"1284\">4. <strong data-start=\"1255\" data-end=\"1284\">Modifications de la pr\u00e9sente politique<\/strong><\/h2>\n<p>&nbsp;<\/p>\n<p data-start=\"1286\" data-end=\"1389\">Nous pouvons mettre \u00e0 jour cette politique de temps \u00e0 autre. La derni\u00e8re version sera toujours disponible sur le site web. <\/p>\n<p>[\/vc_column_text][\/vc_column][\/vc_row]<\/p>\n","protected":false},"excerpt":{"rendered":"<p>[vc_row el_class=\u00a0\u00bbpol\u00a0\u00bb][vc_column][vc_column_text el_class=\u00a0\u00bbintro\u00a0\u00bb] Cookies utilis\u00e9s &#8211; Morfil Derni\u00e8re mise \u00e0 jour : 03\/12\/2025 [\/vc_column_text][vc_column_text el_class=\u00a0\u00bbintro2&Prime;] Morfil utilise des cookies sur son site web pour am\u00e9liorer votre exp\u00e9rience de navigation et assurer le bon fonctionnement des fonctionnalit\u00e9s du site. Cette page explique quels sont les cookies utilis\u00e9s, \u00e0 quoi ils servent et comment vous pouvez les [&hellip;]<\/p>\n","protected":false},"author":1,"featured_media":0,"parent":0,"menu_order":0,"comment_status":"closed","ping_status":"closed","template":"","meta":{"_monsterinsights_skip_tracking":false,"_monsterinsights_sitenote_active":false,"_monsterinsights_sitenote_note":"","_monsterinsights_sitenote_category":0,"footnotes":""},"class_list":["post-1710","page","type-page","status-publish","hentry"],"yoast_head":"<!-- This site is optimized with the Yoast SEO plugin v26.5 - https:\/\/yoast.com\/wordpress\/plugins\/seo\/ -->\n<title>Cookies utilis\u00e9s - Morfil<\/title>\n<meta name=\"robots\" content=\"index, follow, max-snippet:-1, max-image-preview:large, max-video-preview:-1\" \/>\n<link rel=\"canonical\" href=\"https:\/\/morfil.pt\/fr\/cookies-em-utilizacao\/\" \/>\n<meta property=\"og:locale\" content=\"fr_FR\" \/>\n<meta property=\"og:type\" content=\"article\" \/>\n<meta property=\"og:title\" content=\"Cookies utilis\u00e9s - Morfil\" \/>\n<meta property=\"og:description\" content=\"[vc_row el_class=\u00a0\u00bbpol\u00a0\u00bb][vc_column][vc_column_text el_class=\u00a0\u00bbintro\u00a0\u00bb] Cookies utilis\u00e9s &#8211; Morfil Derni\u00e8re mise \u00e0 jour : 03\/12\/2025 [\/vc_column_text][vc_column_text el_class=\u00a0\u00bbintro2&Prime;] Morfil utilise des cookies sur son site web pour am\u00e9liorer votre exp\u00e9rience de navigation et assurer le bon fonctionnement des fonctionnalit\u00e9s du site. Cette page explique quels sont les cookies utilis\u00e9s, \u00e0 quoi ils servent et comment vous pouvez les [&hellip;]\" \/>\n<meta property=\"og:url\" content=\"https:\/\/morfil.pt\/fr\/cookies-em-utilizacao\/\" \/>\n<meta property=\"og:site_name\" content=\"Morfil\" \/>\n<meta property=\"article:publisher\" content=\"https:\/\/www.facebook.com\/morfil.pt\/about\/?id=61580741976600&amp;sk=about#\" \/>\n<meta property=\"article:modified_time\" content=\"2025-12-03T12:38:20+00:00\" \/>\n<meta name=\"twitter:card\" content=\"summary_large_image\" \/>\n<meta name=\"twitter:label1\" content=\"Dur\u00e9e de lecture estim\u00e9e\" \/>\n\t<meta name=\"twitter:data1\" content=\"2 minutes\" \/>\n<script type=\"application\/ld+json\" class=\"yoast-schema-graph\">{\"@context\":\"https:\/\/schema.org\",\"@graph\":[{\"@type\":\"WebPage\",\"@id\":\"https:\/\/morfil.pt\/fr\/cookies-em-utilizacao\/\",\"url\":\"https:\/\/morfil.pt\/fr\/cookies-em-utilizacao\/\",\"name\":\"Cookies utilis\u00e9s - Morfil\",\"isPartOf\":{\"@id\":\"https:\/\/morfil.pt\/#website\"},\"datePublished\":\"2025-07-02T08:56:11+00:00\",\"dateModified\":\"2025-12-03T12:38:20+00:00\",\"breadcrumb\":{\"@id\":\"https:\/\/morfil.pt\/fr\/cookies-em-utilizacao\/#breadcrumb\"},\"inLanguage\":\"fr-FR\",\"potentialAction\":[{\"@type\":\"ReadAction\",\"target\":[\"https:\/\/morfil.pt\/fr\/cookies-em-utilizacao\/\"]}]},{\"@type\":\"BreadcrumbList\",\"@id\":\"https:\/\/morfil.pt\/fr\/cookies-em-utilizacao\/#breadcrumb\",\"itemListElement\":[{\"@type\":\"ListItem\",\"position\":1,\"name\":\"In\u00edcio\",\"item\":\"https:\/\/morfil.pt\/fr\/\"},{\"@type\":\"ListItem\",\"position\":2,\"name\":\"Cookies utilis\u00e9s\"}]},{\"@type\":\"WebSite\",\"@id\":\"https:\/\/morfil.pt\/#website\",\"url\":\"https:\/\/morfil.pt\/\",\"name\":\"Morfil\",\"description\":\"\",\"publisher\":{\"@id\":\"https:\/\/morfil.pt\/#organization\"},\"potentialAction\":[{\"@type\":\"SearchAction\",\"target\":{\"@type\":\"EntryPoint\",\"urlTemplate\":\"https:\/\/morfil.pt\/?s={search_term_string}\"},\"query-input\":{\"@type\":\"PropertyValueSpecification\",\"valueRequired\":true,\"valueName\":\"search_term_string\"}}],\"inLanguage\":\"fr-FR\"},{\"@type\":\"Organization\",\"@id\":\"https:\/\/morfil.pt\/#organization\",\"name\":\"Morfil\",\"url\":\"https:\/\/morfil.pt\/\",\"logo\":{\"@type\":\"ImageObject\",\"inLanguage\":\"fr-FR\",\"@id\":\"https:\/\/morfil.pt\/#\/schema\/logo\/image\/\",\"url\":\"https:\/\/morfil.pt\/wp-content\/uploads\/2025\/10\/logo_7.svg\",\"contentUrl\":\"https:\/\/morfil.pt\/wp-content\/uploads\/2025\/10\/logo_7.svg\",\"width\":1,\"height\":1,\"caption\":\"Morfil\"},\"image\":{\"@id\":\"https:\/\/morfil.pt\/#\/schema\/logo\/image\/\"},\"sameAs\":[\"https:\/\/www.facebook.com\/morfil.pt\/about\/?id=61580741976600&sk=about#\",\"https:\/\/www.instagram.com\/morfil_serralharia\/\",\"https:\/\/www.linkedin.com\/company\/morfil-serralharia-artstica\/\"]}]}<\/script>\n<!-- \/ Yoast SEO plugin. -->","yoast_head_json":{"title":"Cookies utilis\u00e9s - Morfil","robots":{"index":"index","follow":"follow","max-snippet":"max-snippet:-1","max-image-preview":"max-image-preview:large","max-video-preview":"max-video-preview:-1"},"canonical":"https:\/\/morfil.pt\/fr\/cookies-em-utilizacao\/","og_locale":"fr_FR","og_type":"article","og_title":"Cookies utilis\u00e9s - Morfil","og_description":"[vc_row el_class=\u00a0\u00bbpol\u00a0\u00bb][vc_column][vc_column_text el_class=\u00a0\u00bbintro\u00a0\u00bb] Cookies utilis\u00e9s &#8211; Morfil Derni\u00e8re mise \u00e0 jour : 03\/12\/2025 [\/vc_column_text][vc_column_text el_class=\u00a0\u00bbintro2&Prime;] Morfil utilise des cookies sur son site web pour am\u00e9liorer votre exp\u00e9rience de navigation et assurer le bon fonctionnement des fonctionnalit\u00e9s du site. Cette page explique quels sont les cookies utilis\u00e9s, \u00e0 quoi ils servent et comment vous pouvez les [&hellip;]","og_url":"https:\/\/morfil.pt\/fr\/cookies-em-utilizacao\/","og_site_name":"Morfil","article_publisher":"https:\/\/www.facebook.com\/morfil.pt\/about\/?id=61580741976600&sk=about#","article_modified_time":"2025-12-03T12:38:20+00:00","twitter_card":"summary_large_image","twitter_misc":{"Dur\u00e9e de lecture estim\u00e9e":"2 minutes"},"schema":{"@context":"https:\/\/schema.org","@graph":[{"@type":"WebPage","@id":"https:\/\/morfil.pt\/fr\/cookies-em-utilizacao\/","url":"https:\/\/morfil.pt\/fr\/cookies-em-utilizacao\/","name":"Cookies utilis\u00e9s - Morfil","isPartOf":{"@id":"https:\/\/morfil.pt\/#website"},"datePublished":"2025-07-02T08:56:11+00:00","dateModified":"2025-12-03T12:38:20+00:00","breadcrumb":{"@id":"https:\/\/morfil.pt\/fr\/cookies-em-utilizacao\/#breadcrumb"},"inLanguage":"fr-FR","potentialAction":[{"@type":"ReadAction","target":["https:\/\/morfil.pt\/fr\/cookies-em-utilizacao\/"]}]},{"@type":"BreadcrumbList","@id":"https:\/\/morfil.pt\/fr\/cookies-em-utilizacao\/#breadcrumb","itemListElement":[{"@type":"ListItem","position":1,"name":"In\u00edcio","item":"https:\/\/morfil.pt\/fr\/"},{"@type":"ListItem","position":2,"name":"Cookies utilis\u00e9s"}]},{"@type":"WebSite","@id":"https:\/\/morfil.pt\/#website","url":"https:\/\/morfil.pt\/","name":"Morfil","description":"","publisher":{"@id":"https:\/\/morfil.pt\/#organization"},"potentialAction":[{"@type":"SearchAction","target":{"@type":"EntryPoint","urlTemplate":"https:\/\/morfil.pt\/?s={search_term_string}"},"query-input":{"@type":"PropertyValueSpecification","valueRequired":true,"valueName":"search_term_string"}}],"inLanguage":"fr-FR"},{"@type":"Organization","@id":"https:\/\/morfil.pt\/#organization","name":"Morfil","url":"https:\/\/morfil.pt\/","logo":{"@type":"ImageObject","inLanguage":"fr-FR","@id":"https:\/\/morfil.pt\/#\/schema\/logo\/image\/","url":"https:\/\/morfil.pt\/wp-content\/uploads\/2025\/10\/logo_7.svg","contentUrl":"https:\/\/morfil.pt\/wp-content\/uploads\/2025\/10\/logo_7.svg","width":1,"height":1,"caption":"Morfil"},"image":{"@id":"https:\/\/morfil.pt\/#\/schema\/logo\/image\/"},"sameAs":["https:\/\/www.facebook.com\/morfil.pt\/about\/?id=61580741976600&sk=about#","https:\/\/www.instagram.com\/morfil_serralharia\/","https:\/\/www.linkedin.com\/company\/morfil-serralharia-artstica\/"]}]}},"_links":{"self":[{"href":"https:\/\/morfil.pt\/fr\/wp-json\/wp\/v2\/pages\/1710","targetHints":{"allow":["GET"]}}],"collection":[{"href":"https:\/\/morfil.pt\/fr\/wp-json\/wp\/v2\/pages"}],"about":[{"href":"https:\/\/morfil.pt\/fr\/wp-json\/wp\/v2\/types\/page"}],"author":[{"embeddable":true,"href":"https:\/\/morfil.pt\/fr\/wp-json\/wp\/v2\/users\/1"}],"replies":[{"embeddable":true,"href":"https:\/\/morfil.pt\/fr\/wp-json\/wp\/v2\/comments?post=1710"}],"version-history":[{"count":7,"href":"https:\/\/morfil.pt\/fr\/wp-json\/wp\/v2\/pages\/1710\/revisions"}],"predecessor-version":[{"id":2127,"href":"https:\/\/morfil.pt\/fr\/wp-json\/wp\/v2\/pages\/1710\/revisions\/2127"}],"wp:attachment":[{"href":"https:\/\/morfil.pt\/fr\/wp-json\/wp\/v2\/media?parent=1710"}],"curies":[{"name":"wp","href":"https:\/\/api.w.org\/{rel}","templated":true}]}}