{"id":1712,"date":"2025-07-02T08:55:47","date_gmt":"2025-07-02T08:55:47","guid":{"rendered":"https:\/\/morfil.pt\/politica-de-privacidade\/"},"modified":"2025-12-03T13:31:20","modified_gmt":"2025-12-03T13:31:20","slug":"politica-de-privacidade","status":"publish","type":"page","link":"https:\/\/morfil.pt\/fr\/politica-de-privacidade\/","title":{"rendered":"Politique de Confidentialit\u00e9"},"content":{"rendered":"<p>[vc_row el_class=\u00a0\u00bbpol\u00a0\u00bb][vc_column][vc_column_text el_class=\u00a0\u00bbintro\u00a0\u00bb]<\/p>\n<h1 style=\"text-align: center;\" data-start=\"102\" data-end=\"140\"><strong data-start=\"104\" data-end=\"140\">Politique de Confidentialit\u00e9 \u2013 Morfil<\/strong><\/h1>\n<p style=\"text-align: center;\" data-start=\"142\" data-end=\"178\">Derni\u00e8re mise \u00e0 jour : 3 d\u00e9cembre 2025<\/p>\n<p>[\/vc_column_text][vc_column_text el_class=\u00a0\u00bbintro2&Prime;]<\/p>\n<p style=\"text-align: center;\">Morfil attache une grande importance au respect de la vie priv\u00e9e de ses visiteurs et utilisateurs.<\/p>\n<p style=\"text-align: center;\">La pr\u00e9sente Politique de confidentialit\u00e9 explique comment nous collectons et utilisons les donn\u00e9es que vous nous communiquez en remplissant notre formulaire de contact ou de demande de devis, conform\u00e9ment au R\u00e8glement g\u00e9n\u00e9ral sur la protection des donn\u00e9es (RGPD \u2013 Loi n\u00b0 13.709\/2018).<\/p>\n<p style=\"text-align: center;\">En utilisant notre site web, vous acceptez les conditions d\u00e9crites ici.<\/p>\n<p>[\/vc_column_text][vc_column_text el_class=\u00a0\u00bbpol1&Prime;]<\/p>\n<h2 data-start=\"554\" data-end=\"579\">1. Donn\u00e9es collect\u00e9es<\/h2>\n<p>&nbsp;<\/p>\n<p>Nous collectons uniquement les donn\u00e9es que vous nous fournissez directement\u00a0:<\/p>\n<p>&#8211; Nom<\/p>\n<p>&#8211; Adresse e-mail<\/p>\n<p>&#8211; Message envoy\u00e9<\/p>\n<p>Nous ne collectons aucune donn\u00e9e financi\u00e8re, information de carte bancaire ni autre donn\u00e9e sensible.[\/vc_column_text][vc_column_text el_class=\u00a0\u00bbpol2&Prime;]<\/p>\n<h2 data-start=\"770\" data-end=\"807\">2. Finalit\u00e9 du traitement des donn\u00e9es<\/h2>\n<p>&nbsp;<\/p>\n<p>Ces donn\u00e9es sont utilis\u00e9es exclusivement pour\u00a0:<\/p>\n<p>&#8211; R\u00e9pondre \u00e0 votre message ou demande<\/p>\n<p>&#8211; Vous fournir des informations sur nos services<\/p>\n<p>Ces donn\u00e9es ne seront pas communiqu\u00e9es \u00e0 des tiers \u00e0 des fins commerciales.[\/vc_column_text][vc_column_text el_class=\u00a0\u00bbpol3&Prime;]<\/p>\n<h2 data-start=\"1024\" data-end=\"1059\">3. Stockage et s\u00e9curit\u00e9<\/h2>\n<p>&nbsp;<\/p>\n<p>Vos donn\u00e9es sont stock\u00e9es en toute s\u00e9curit\u00e9 et uniquement pendant la dur\u00e9e n\u00e9cessaire pour r\u00e9pondre \u00e0 votre message.<\/p>\n<p>Nous avons mis en place des mesures pour prot\u00e9ger vos donn\u00e9es contre tout acc\u00e8s non autoris\u00e9 ou toute utilisation abusive.[\/vc_column_text][vc_column_text]<\/p>\n<h2 data-start=\"1249\" data-end=\"1284\">4. Modifications de la pr\u00e9sente politique<\/h2>\n<p>&nbsp;<\/p>\n<p data-start=\"1286\" data-end=\"1389\">Nous pouvons \u00eatre amen\u00e9s \u00e0 modifier cette politique de temps \u00e0 autre. La version la plus r\u00e9cente sera toujours disponible sur le site web.<\/p>\n<p>[\/vc_column_text][\/vc_column][\/vc_row]<\/p>\n","protected":false},"excerpt":{"rendered":"<p>[vc_row el_class=\u00a0\u00bbpol\u00a0\u00bb][vc_column][vc_column_text el_class=\u00a0\u00bbintro\u00a0\u00bb] Politique de Confidentialit\u00e9 \u2013 Morfil Derni\u00e8re mise \u00e0 jour : 3 d\u00e9cembre 2025 [\/vc_column_text][vc_column_text el_class=\u00a0\u00bbintro2&Prime;] Morfil attache une grande importance au respect de la vie priv\u00e9e de ses visiteurs et utilisateurs. La pr\u00e9sente Politique de confidentialit\u00e9 explique comment nous collectons et utilisons les donn\u00e9es que vous nous communiquez en remplissant notre formulaire [&hellip;]<\/p>\n","protected":false},"author":1,"featured_media":0,"parent":0,"menu_order":0,"comment_status":"closed","ping_status":"closed","template":"","meta":{"_monsterinsights_skip_tracking":false,"_monsterinsights_sitenote_active":false,"_monsterinsights_sitenote_note":"","_monsterinsights_sitenote_category":0,"footnotes":""},"class_list":["post-1712","page","type-page","status-publish","hentry"],"yoast_head":"<!-- This site is optimized with the Yoast SEO plugin v26.5 - https:\/\/yoast.com\/wordpress\/plugins\/seo\/ -->\n<title>Politique de Confidentialit\u00e9 - Morfil<\/title>\n<meta name=\"robots\" content=\"index, follow, max-snippet:-1, max-image-preview:large, max-video-preview:-1\" \/>\n<link rel=\"canonical\" href=\"https:\/\/morfil.pt\/fr\/politica-de-privacidade\/\" \/>\n<meta property=\"og:locale\" content=\"fr_FR\" \/>\n<meta property=\"og:type\" content=\"article\" \/>\n<meta property=\"og:title\" content=\"Politique de Confidentialit\u00e9 - Morfil\" \/>\n<meta property=\"og:description\" content=\"[vc_row el_class=\u00a0\u00bbpol\u00a0\u00bb][vc_column][vc_column_text el_class=\u00a0\u00bbintro\u00a0\u00bb] Politique de Confidentialit\u00e9 \u2013 Morfil Derni\u00e8re mise \u00e0 jour : 3 d\u00e9cembre 2025 [\/vc_column_text][vc_column_text el_class=\u00a0\u00bbintro2&Prime;] Morfil attache une grande importance au respect de la vie priv\u00e9e de ses visiteurs et utilisateurs. La pr\u00e9sente Politique de confidentialit\u00e9 explique comment nous collectons et utilisons les donn\u00e9es que vous nous communiquez en remplissant notre formulaire [&hellip;]\" \/>\n<meta property=\"og:url\" content=\"https:\/\/morfil.pt\/fr\/politica-de-privacidade\/\" \/>\n<meta property=\"og:site_name\" content=\"Morfil\" \/>\n<meta property=\"article:publisher\" content=\"https:\/\/www.facebook.com\/morfil.pt\/about\/?id=61580741976600&amp;sk=about#\" \/>\n<meta property=\"article:modified_time\" content=\"2025-12-03T13:31:20+00:00\" \/>\n<meta name=\"twitter:card\" content=\"summary_large_image\" \/>\n<meta name=\"twitter:label1\" content=\"Dur\u00e9e de lecture estim\u00e9e\" \/>\n\t<meta name=\"twitter:data1\" content=\"2 minutes\" \/>\n<script type=\"application\/ld+json\" class=\"yoast-schema-graph\">{\"@context\":\"https:\/\/schema.org\",\"@graph\":[{\"@type\":\"WebPage\",\"@id\":\"https:\/\/morfil.pt\/fr\/politica-de-privacidade\/\",\"url\":\"https:\/\/morfil.pt\/fr\/politica-de-privacidade\/\",\"name\":\"Politique de Confidentialit\u00e9 - Morfil\",\"isPartOf\":{\"@id\":\"https:\/\/morfil.pt\/#website\"},\"datePublished\":\"2025-07-02T08:55:47+00:00\",\"dateModified\":\"2025-12-03T13:31:20+00:00\",\"breadcrumb\":{\"@id\":\"https:\/\/morfil.pt\/fr\/politica-de-privacidade\/#breadcrumb\"},\"inLanguage\":\"fr-FR\",\"potentialAction\":[{\"@type\":\"ReadAction\",\"target\":[\"https:\/\/morfil.pt\/fr\/politica-de-privacidade\/\"]}]},{\"@type\":\"BreadcrumbList\",\"@id\":\"https:\/\/morfil.pt\/fr\/politica-de-privacidade\/#breadcrumb\",\"itemListElement\":[{\"@type\":\"ListItem\",\"position\":1,\"name\":\"In\u00edcio\",\"item\":\"https:\/\/morfil.pt\/fr\/\"},{\"@type\":\"ListItem\",\"position\":2,\"name\":\"Politique de Confidentialit\u00e9\"}]},{\"@type\":\"WebSite\",\"@id\":\"https:\/\/morfil.pt\/#website\",\"url\":\"https:\/\/morfil.pt\/\",\"name\":\"Morfil\",\"description\":\"\",\"publisher\":{\"@id\":\"https:\/\/morfil.pt\/#organization\"},\"potentialAction\":[{\"@type\":\"SearchAction\",\"target\":{\"@type\":\"EntryPoint\",\"urlTemplate\":\"https:\/\/morfil.pt\/?s={search_term_string}\"},\"query-input\":{\"@type\":\"PropertyValueSpecification\",\"valueRequired\":true,\"valueName\":\"search_term_string\"}}],\"inLanguage\":\"fr-FR\"},{\"@type\":\"Organization\",\"@id\":\"https:\/\/morfil.pt\/#organization\",\"name\":\"Morfil\",\"url\":\"https:\/\/morfil.pt\/\",\"logo\":{\"@type\":\"ImageObject\",\"inLanguage\":\"fr-FR\",\"@id\":\"https:\/\/morfil.pt\/#\/schema\/logo\/image\/\",\"url\":\"https:\/\/morfil.pt\/wp-content\/uploads\/2025\/10\/logo_7.svg\",\"contentUrl\":\"https:\/\/morfil.pt\/wp-content\/uploads\/2025\/10\/logo_7.svg\",\"width\":1,\"height\":1,\"caption\":\"Morfil\"},\"image\":{\"@id\":\"https:\/\/morfil.pt\/#\/schema\/logo\/image\/\"},\"sameAs\":[\"https:\/\/www.facebook.com\/morfil.pt\/about\/?id=61580741976600&sk=about#\",\"https:\/\/www.instagram.com\/morfil_serralharia\/\",\"https:\/\/www.linkedin.com\/company\/morfil-serralharia-artstica\/\"]}]}<\/script>\n<!-- \/ Yoast SEO plugin. -->","yoast_head_json":{"title":"Politique de Confidentialit\u00e9 - Morfil","robots":{"index":"index","follow":"follow","max-snippet":"max-snippet:-1","max-image-preview":"max-image-preview:large","max-video-preview":"max-video-preview:-1"},"canonical":"https:\/\/morfil.pt\/fr\/politica-de-privacidade\/","og_locale":"fr_FR","og_type":"article","og_title":"Politique de Confidentialit\u00e9 - Morfil","og_description":"[vc_row el_class=\u00a0\u00bbpol\u00a0\u00bb][vc_column][vc_column_text el_class=\u00a0\u00bbintro\u00a0\u00bb] Politique de Confidentialit\u00e9 \u2013 Morfil Derni\u00e8re mise \u00e0 jour : 3 d\u00e9cembre 2025 [\/vc_column_text][vc_column_text el_class=\u00a0\u00bbintro2&Prime;] Morfil attache une grande importance au respect de la vie priv\u00e9e de ses visiteurs et utilisateurs. La pr\u00e9sente Politique de confidentialit\u00e9 explique comment nous collectons et utilisons les donn\u00e9es que vous nous communiquez en remplissant notre formulaire [&hellip;]","og_url":"https:\/\/morfil.pt\/fr\/politica-de-privacidade\/","og_site_name":"Morfil","article_publisher":"https:\/\/www.facebook.com\/morfil.pt\/about\/?id=61580741976600&sk=about#","article_modified_time":"2025-12-03T13:31:20+00:00","twitter_card":"summary_large_image","twitter_misc":{"Dur\u00e9e de lecture estim\u00e9e":"2 minutes"},"schema":{"@context":"https:\/\/schema.org","@graph":[{"@type":"WebPage","@id":"https:\/\/morfil.pt\/fr\/politica-de-privacidade\/","url":"https:\/\/morfil.pt\/fr\/politica-de-privacidade\/","name":"Politique de Confidentialit\u00e9 - Morfil","isPartOf":{"@id":"https:\/\/morfil.pt\/#website"},"datePublished":"2025-07-02T08:55:47+00:00","dateModified":"2025-12-03T13:31:20+00:00","breadcrumb":{"@id":"https:\/\/morfil.pt\/fr\/politica-de-privacidade\/#breadcrumb"},"inLanguage":"fr-FR","potentialAction":[{"@type":"ReadAction","target":["https:\/\/morfil.pt\/fr\/politica-de-privacidade\/"]}]},{"@type":"BreadcrumbList","@id":"https:\/\/morfil.pt\/fr\/politica-de-privacidade\/#breadcrumb","itemListElement":[{"@type":"ListItem","position":1,"name":"In\u00edcio","item":"https:\/\/morfil.pt\/fr\/"},{"@type":"ListItem","position":2,"name":"Politique de Confidentialit\u00e9"}]},{"@type":"WebSite","@id":"https:\/\/morfil.pt\/#website","url":"https:\/\/morfil.pt\/","name":"Morfil","description":"","publisher":{"@id":"https:\/\/morfil.pt\/#organization"},"potentialAction":[{"@type":"SearchAction","target":{"@type":"EntryPoint","urlTemplate":"https:\/\/morfil.pt\/?s={search_term_string}"},"query-input":{"@type":"PropertyValueSpecification","valueRequired":true,"valueName":"search_term_string"}}],"inLanguage":"fr-FR"},{"@type":"Organization","@id":"https:\/\/morfil.pt\/#organization","name":"Morfil","url":"https:\/\/morfil.pt\/","logo":{"@type":"ImageObject","inLanguage":"fr-FR","@id":"https:\/\/morfil.pt\/#\/schema\/logo\/image\/","url":"https:\/\/morfil.pt\/wp-content\/uploads\/2025\/10\/logo_7.svg","contentUrl":"https:\/\/morfil.pt\/wp-content\/uploads\/2025\/10\/logo_7.svg","width":1,"height":1,"caption":"Morfil"},"image":{"@id":"https:\/\/morfil.pt\/#\/schema\/logo\/image\/"},"sameAs":["https:\/\/www.facebook.com\/morfil.pt\/about\/?id=61580741976600&sk=about#","https:\/\/www.instagram.com\/morfil_serralharia\/","https:\/\/www.linkedin.com\/company\/morfil-serralharia-artstica\/"]}]}},"_links":{"self":[{"href":"https:\/\/morfil.pt\/fr\/wp-json\/wp\/v2\/pages\/1712","targetHints":{"allow":["GET"]}}],"collection":[{"href":"https:\/\/morfil.pt\/fr\/wp-json\/wp\/v2\/pages"}],"about":[{"href":"https:\/\/morfil.pt\/fr\/wp-json\/wp\/v2\/types\/page"}],"author":[{"embeddable":true,"href":"https:\/\/morfil.pt\/fr\/wp-json\/wp\/v2\/users\/1"}],"replies":[{"embeddable":true,"href":"https:\/\/morfil.pt\/fr\/wp-json\/wp\/v2\/comments?post=1712"}],"version-history":[{"count":12,"href":"https:\/\/morfil.pt\/fr\/wp-json\/wp\/v2\/pages\/1712\/revisions"}],"predecessor-version":[{"id":2129,"href":"https:\/\/morfil.pt\/fr\/wp-json\/wp\/v2\/pages\/1712\/revisions\/2129"}],"wp:attachment":[{"href":"https:\/\/morfil.pt\/fr\/wp-json\/wp\/v2\/media?parent=1712"}],"curies":[{"name":"wp","href":"https:\/\/api.w.org\/{rel}","templated":true}]}}