{"id":1713,"date":"2025-07-02T07:49:07","date_gmt":"2025-07-02T07:49:07","guid":{"rendered":"https:\/\/morfil.pt\/portfolio\/"},"modified":"2025-09-29T08:52:04","modified_gmt":"2025-09-29T08:52:04","slug":"portfolio","status":"publish","type":"page","link":"https:\/\/morfil.pt\/fr\/portfolio\/","title":{"rendered":"Portefeuille"},"content":{"rendered":"<p>[vc_row][vc_column][vc_column_text]<\/p>\n<div>\n<div>    <div id=\"morfil-projeto-container-first\" data-current-id=\"1729\">\n            <div id=\"morfil-projeto-container\" data-current-id=\"1729\">\n        \n        <!-- Setas navega\u00e7\u00e3o -->\n\n\n        <!-- Topo: nome, info e imagem -->\n        <div class=\"morfil-projeto-top\">\n            <div class=\"morfil-projeto-esquerda\">\n                <h1>Projet commercial \u201cM\u00f3veis Mendes\u201d<\/h1>\n                                <span class=\"morfil-projeto-cliente\">Adoff Atelier<\/span>\n                \n                                    <p class=\"morfil-info-label\">Freamunde, Portugal<\/p>\n                \n                                    <p class=\"morfil-info-desc\">Conception, fabrication et installation des portails ext\u00e9rieurs, pens\u00e9s pour garantir robustesse,  s\u00e9curit\u00e9 et durabilit\u00e9, tout en valorisant l\u2019identit\u00e9 du lieu avec un design soign\u00e9.<br><br><em>Cr\u00e9dit photo : Ivo Tavares<\/em><\/p>\n                \n                                    <div class=\"carousel-nav carousel-nav-projetos\">\n                        <button id=\"prevSlide\" type=\"button\" class=\"carousel-arrow-button\">\n                            <span class=\"button-icon\">\n                                <img decoding=\"async\" class=\"arrow-dark\" src=\"https:\/\/morfil.pt\/wp-content\/themes\/morfil_theme\/assets\/images\/left-dark.png\" alt=\"Anterior\">\n                                <img decoding=\"async\" class=\"arrow-red\" src=\"https:\/\/morfil.pt\/wp-content\/themes\/morfil_theme\/assets\/images\/left_red.png\" alt=\"Anterior\">\n                            <\/span>\n                        <\/button>\n                        <button id=\"nextSlide\" type=\"button\" class=\"carousel-arrow-button\">\n                            <span class=\"button-icon\">\n                                <img decoding=\"async\" class=\"arrow-dark\" src=\"https:\/\/morfil.pt\/wp-content\/themes\/morfil_theme\/assets\/images\/arrow-button-dark.png\" alt=\"Pr\u00f3ximo\">\n                                <img decoding=\"async\" class=\"arrow-red\" src=\"https:\/\/morfil.pt\/wp-content\/themes\/morfil_theme\/assets\/images\/right_red.png\" alt=\"Pr\u00f3ximo\">\n                            <\/span>\n                        <\/button>\n                    <\/div>\n            <\/div>\n\n                            <div class=\"morfil-projeto-direita\">\n                    <img decoding=\"async\" src=\"https:\/\/morfil.pt\/wp-content\/uploads\/2025\/09\/20200524-ADOFF-MOVEIS-MENDES-034-1-1333x2000.jpg\" alt=\"Imagem principal\">\n                <\/div>\n                    <\/div>\n\n        <!-- Imagem Grande (100%) -->\n                    <div class=\"morfil-img-grande\">\n                <img decoding=\"async\" src=\"https:\/\/morfil.pt\/wp-content\/uploads\/2025\/09\/20200524-ADOFF-MOVEIS-MENDES-007-4-scaled.jpg\" alt=\"Imagem Grande\">\n            <\/div>\n        \n        <!-- Bloco com texto \u00e0 esquerda e imagem (galeria[1]) \u00e0 direita -->\n                    <div class=\"morfil-projeto-bloco-texto-img\">\n                <div class=\"texto-esquerda\">\n                    <h2>\n                        Nous concevons.<br>Nous d\u00e9veloppons.<br>Nous r\u00e9alisons.                    <\/h2>\n\n                <\/div>\n                <div class=\"imagem-direita\">\n                    <img decoding=\"async\" src=\"https:\/\/morfil.pt\/wp-content\/uploads\/2025\/09\/20200524-ADOFF-MOVEIS-MENDES-048-1-1333x2000.jpg\" alt=\"Galeria 2\">\n                <\/div>\n            <\/div>\n        \n        <!-- Galeria restante (a partir do \u00edndice 2) -->\n                    <div class=\"morfil-galeria\">\n                                    <img decoding=\"async\" src=\"https:\/\/morfil.pt\/wp-content\/uploads\/2025\/09\/20200524-ADOFF-MOVEIS-MENDES-007-1.jpg\" alt=\"\">\n                                    <img decoding=\"async\" src=\"https:\/\/morfil.pt\/wp-content\/uploads\/2025\/09\/20200524-ADOFF-MOVEIS-MENDES-018-1-1200x800.jpg\" alt=\"\">\n                                    <img decoding=\"async\" src=\"https:\/\/morfil.pt\/wp-content\/uploads\/2025\/09\/20200524-ADOFF-MOVEIS-MENDES-074-1-1200x800.jpg\" alt=\"\">\n                                    <img decoding=\"async\" src=\"https:\/\/morfil.pt\/wp-content\/uploads\/2025\/09\/20200524-ADOFF-MOVEIS-MENDES-012-1-800x1200.jpg\" alt=\"\">\n                                    <img decoding=\"async\" src=\"https:\/\/morfil.pt\/wp-content\/uploads\/2025\/09\/20200524-ADOFF-MOVEIS-MENDES-019-1-800x1200.jpg\" alt=\"\">\n                                    <img decoding=\"async\" src=\"https:\/\/morfil.pt\/wp-content\/uploads\/2025\/09\/20200524-ADOFF-MOVEIS-MENDES-022-1-1200x800.jpg\" alt=\"\">\n                                    <img decoding=\"async\" src=\"https:\/\/morfil.pt\/wp-content\/uploads\/2025\/09\/20200524-ADOFF-MOVEIS-MENDES-072-1-1200x800.jpg\" alt=\"\">\n                                    <img decoding=\"async\" src=\"https:\/\/morfil.pt\/wp-content\/uploads\/2025\/09\/20200524-ADOFF-MOVEIS-MENDES-079-1-1200x800.jpg\" alt=\"\">\n                                    <img decoding=\"async\" src=\"https:\/\/morfil.pt\/wp-content\/uploads\/2025\/09\/20200524-ADOFF-MOVEIS-MENDES-082-1-1200x800.jpg\" alt=\"\">\n                                    <img decoding=\"async\" src=\"https:\/\/morfil.pt\/wp-content\/uploads\/2025\/09\/20200524-ADOFF-MOVEIS-MENDES-087-1-800x1200.jpg\" alt=\"\">\n                                    <img decoding=\"async\" src=\"https:\/\/morfil.pt\/wp-content\/uploads\/2025\/09\/20200524-ADOFF-MOVEIS-MENDES-005-2-800x1200.jpg\" alt=\"\">\n                                    <img decoding=\"async\" src=\"https:\/\/morfil.pt\/wp-content\/uploads\/2025\/09\/20200524-ADOFF-MOVEIS-MENDES-029-1-1200x800.jpg\" alt=\"\">\n                            <\/div>\n\n            <!-- Bot\u00e3o Seguinte ao fim da galeria -->\n            \n            <\/div>\n        <\/div>\n    <\/div>\n<\/div>\n<p>[\/vc_column_text][\/vc_column][\/vc_row]<\/p>\n","protected":false},"excerpt":{"rendered":"<p>[vc_row][vc_column][vc_column_text] [\/vc_column_text][\/vc_column][\/vc_row]<\/p>\n","protected":false},"author":1,"featured_media":0,"parent":0,"menu_order":0,"comment_status":"closed","ping_status":"closed","template":"","meta":{"_monsterinsights_skip_tracking":false,"_monsterinsights_sitenote_active":false,"_monsterinsights_sitenote_note":"","_monsterinsights_sitenote_category":0,"footnotes":""},"class_list":["post-1713","page","type-page","status-publish","hentry"],"yoast_head":"<!-- This site is optimized with the Yoast SEO plugin v26.5 - https:\/\/yoast.com\/wordpress\/plugins\/seo\/ -->\n<title>Portefeuille - Morfil<\/title>\n<meta name=\"robots\" content=\"index, follow, max-snippet:-1, max-image-preview:large, max-video-preview:-1\" \/>\n<link rel=\"canonical\" href=\"https:\/\/morfil.pt\/fr\/portfolio\/\" \/>\n<meta property=\"og:locale\" content=\"fr_FR\" \/>\n<meta property=\"og:type\" content=\"article\" \/>\n<meta property=\"og:title\" content=\"Portefeuille - Morfil\" \/>\n<meta property=\"og:description\" content=\"[vc_row][vc_column][vc_column_text] [\/vc_column_text][\/vc_column][\/vc_row]\" \/>\n<meta property=\"og:url\" content=\"https:\/\/morfil.pt\/fr\/portfolio\/\" \/>\n<meta property=\"og:site_name\" content=\"Morfil\" \/>\n<meta property=\"article:publisher\" content=\"https:\/\/www.facebook.com\/morfil.pt\/about\/?id=61580741976600&amp;sk=about#\" \/>\n<meta property=\"article:modified_time\" content=\"2025-09-29T08:52:04+00:00\" \/>\n<meta name=\"twitter:card\" content=\"summary_large_image\" \/>\n<script type=\"application\/ld+json\" class=\"yoast-schema-graph\">{\"@context\":\"https:\/\/schema.org\",\"@graph\":[{\"@type\":\"WebPage\",\"@id\":\"https:\/\/morfil.pt\/fr\/portfolio\/\",\"url\":\"https:\/\/morfil.pt\/fr\/portfolio\/\",\"name\":\"Portefeuille - Morfil\",\"isPartOf\":{\"@id\":\"https:\/\/morfil.pt\/#website\"},\"datePublished\":\"2025-07-02T07:49:07+00:00\",\"dateModified\":\"2025-09-29T08:52:04+00:00\",\"breadcrumb\":{\"@id\":\"https:\/\/morfil.pt\/fr\/portfolio\/#breadcrumb\"},\"inLanguage\":\"fr-FR\",\"potentialAction\":[{\"@type\":\"ReadAction\",\"target\":[\"https:\/\/morfil.pt\/fr\/portfolio\/\"]}]},{\"@type\":\"BreadcrumbList\",\"@id\":\"https:\/\/morfil.pt\/fr\/portfolio\/#breadcrumb\",\"itemListElement\":[{\"@type\":\"ListItem\",\"position\":1,\"name\":\"In\u00edcio\",\"item\":\"https:\/\/morfil.pt\/fr\/\"},{\"@type\":\"ListItem\",\"position\":2,\"name\":\"Portefeuille\"}]},{\"@type\":\"WebSite\",\"@id\":\"https:\/\/morfil.pt\/#website\",\"url\":\"https:\/\/morfil.pt\/\",\"name\":\"Morfil\",\"description\":\"\",\"publisher\":{\"@id\":\"https:\/\/morfil.pt\/#organization\"},\"potentialAction\":[{\"@type\":\"SearchAction\",\"target\":{\"@type\":\"EntryPoint\",\"urlTemplate\":\"https:\/\/morfil.pt\/?s={search_term_string}\"},\"query-input\":{\"@type\":\"PropertyValueSpecification\",\"valueRequired\":true,\"valueName\":\"search_term_string\"}}],\"inLanguage\":\"fr-FR\"},{\"@type\":\"Organization\",\"@id\":\"https:\/\/morfil.pt\/#organization\",\"name\":\"Morfil\",\"url\":\"https:\/\/morfil.pt\/\",\"logo\":{\"@type\":\"ImageObject\",\"inLanguage\":\"fr-FR\",\"@id\":\"https:\/\/morfil.pt\/#\/schema\/logo\/image\/\",\"url\":\"https:\/\/morfil.pt\/wp-content\/uploads\/2025\/10\/logo_7.svg\",\"contentUrl\":\"https:\/\/morfil.pt\/wp-content\/uploads\/2025\/10\/logo_7.svg\",\"width\":1,\"height\":1,\"caption\":\"Morfil\"},\"image\":{\"@id\":\"https:\/\/morfil.pt\/#\/schema\/logo\/image\/\"},\"sameAs\":[\"https:\/\/www.facebook.com\/morfil.pt\/about\/?id=61580741976600&sk=about#\",\"https:\/\/www.instagram.com\/morfil_serralharia\/\",\"https:\/\/www.linkedin.com\/company\/morfil-serralharia-artstica\/\"]}]}<\/script>\n<!-- \/ Yoast SEO plugin. -->","yoast_head_json":{"title":"Portefeuille - Morfil","robots":{"index":"index","follow":"follow","max-snippet":"max-snippet:-1","max-image-preview":"max-image-preview:large","max-video-preview":"max-video-preview:-1"},"canonical":"https:\/\/morfil.pt\/fr\/portfolio\/","og_locale":"fr_FR","og_type":"article","og_title":"Portefeuille - Morfil","og_description":"[vc_row][vc_column][vc_column_text] [\/vc_column_text][\/vc_column][\/vc_row]","og_url":"https:\/\/morfil.pt\/fr\/portfolio\/","og_site_name":"Morfil","article_publisher":"https:\/\/www.facebook.com\/morfil.pt\/about\/?id=61580741976600&sk=about#","article_modified_time":"2025-09-29T08:52:04+00:00","twitter_card":"summary_large_image","schema":{"@context":"https:\/\/schema.org","@graph":[{"@type":"WebPage","@id":"https:\/\/morfil.pt\/fr\/portfolio\/","url":"https:\/\/morfil.pt\/fr\/portfolio\/","name":"Portefeuille - Morfil","isPartOf":{"@id":"https:\/\/morfil.pt\/#website"},"datePublished":"2025-07-02T07:49:07+00:00","dateModified":"2025-09-29T08:52:04+00:00","breadcrumb":{"@id":"https:\/\/morfil.pt\/fr\/portfolio\/#breadcrumb"},"inLanguage":"fr-FR","potentialAction":[{"@type":"ReadAction","target":["https:\/\/morfil.pt\/fr\/portfolio\/"]}]},{"@type":"BreadcrumbList","@id":"https:\/\/morfil.pt\/fr\/portfolio\/#breadcrumb","itemListElement":[{"@type":"ListItem","position":1,"name":"In\u00edcio","item":"https:\/\/morfil.pt\/fr\/"},{"@type":"ListItem","position":2,"name":"Portefeuille"}]},{"@type":"WebSite","@id":"https:\/\/morfil.pt\/#website","url":"https:\/\/morfil.pt\/","name":"Morfil","description":"","publisher":{"@id":"https:\/\/morfil.pt\/#organization"},"potentialAction":[{"@type":"SearchAction","target":{"@type":"EntryPoint","urlTemplate":"https:\/\/morfil.pt\/?s={search_term_string}"},"query-input":{"@type":"PropertyValueSpecification","valueRequired":true,"valueName":"search_term_string"}}],"inLanguage":"fr-FR"},{"@type":"Organization","@id":"https:\/\/morfil.pt\/#organization","name":"Morfil","url":"https:\/\/morfil.pt\/","logo":{"@type":"ImageObject","inLanguage":"fr-FR","@id":"https:\/\/morfil.pt\/#\/schema\/logo\/image\/","url":"https:\/\/morfil.pt\/wp-content\/uploads\/2025\/10\/logo_7.svg","contentUrl":"https:\/\/morfil.pt\/wp-content\/uploads\/2025\/10\/logo_7.svg","width":1,"height":1,"caption":"Morfil"},"image":{"@id":"https:\/\/morfil.pt\/#\/schema\/logo\/image\/"},"sameAs":["https:\/\/www.facebook.com\/morfil.pt\/about\/?id=61580741976600&sk=about#","https:\/\/www.instagram.com\/morfil_serralharia\/","https:\/\/www.linkedin.com\/company\/morfil-serralharia-artstica\/"]}]}},"_links":{"self":[{"href":"https:\/\/morfil.pt\/fr\/wp-json\/wp\/v2\/pages\/1713","targetHints":{"allow":["GET"]}}],"collection":[{"href":"https:\/\/morfil.pt\/fr\/wp-json\/wp\/v2\/pages"}],"about":[{"href":"https:\/\/morfil.pt\/fr\/wp-json\/wp\/v2\/types\/page"}],"author":[{"embeddable":true,"href":"https:\/\/morfil.pt\/fr\/wp-json\/wp\/v2\/users\/1"}],"replies":[{"embeddable":true,"href":"https:\/\/morfil.pt\/fr\/wp-json\/wp\/v2\/comments?post=1713"}],"version-history":[{"count":0,"href":"https:\/\/morfil.pt\/fr\/wp-json\/wp\/v2\/pages\/1713\/revisions"}],"wp:attachment":[{"href":"https:\/\/morfil.pt\/fr\/wp-json\/wp\/v2\/media?parent=1713"}],"curies":[{"name":"wp","href":"https:\/\/api.w.org\/{rel}","templated":true}]}}