{"id":1714,"date":"2025-07-07T11:11:08","date_gmt":"2025-07-07T11:11:08","guid":{"rendered":"https:\/\/morfil.pt\/quem-somos\/"},"modified":"2025-10-01T15:57:26","modified_gmt":"2025-10-01T15:57:26","slug":"quem-somos","status":"publish","type":"page","link":"https:\/\/morfil.pt\/fr\/quem-somos\/","title":{"rendered":"Qui sommes-nous"},"content":{"rendered":"<p>[vc_row full_width=\u00a0\u00bbstretch_row_content_no_spaces\u00a0\u00bb css=\u00a0\u00bb.vc_custom_1752753129681{background-image: url(https:\/\/morfil.pt\/wp-content\/uploads\/2025\/07\/1-scaled.png?id=234) !important;}\u00a0\u00bb el_class=\u00a0\u00bbquemsomos\u00a0\u00bb][vc_column][vc_row_inner el_class=\u00a0\u00bbdiv-texto\u00a0\u00bb][vc_column_inner][vc_column_text]<span style=\"font-weight: 400;\">75 ans d\u2019histoire\u00a0<\/span><span style=\"font-weight: 400;\">\u00a0<\/span>[\/vc_column_text][vc_column_text]<\/p>\n<h6><span style=\"font-weight: 400;\">Au fil de trois g\u00e9n\u00e9rations, nous sommes pass\u00e9s d\u2019un petit atelier traditionnel \u00e0 une structure\u00a0 solide et innovante, tout en conservant les valeurs \u00e0 l\u2019origine de notre parcours : qualit\u00e9,\u00a0 engagement et confiance. <\/span><span style=\"font-weight: 400;\">Aujourd\u2019hui, notre pr\u00e9sence d\u00e9passe les fronti\u00e8res, avec des projets r\u00e9alis\u00e9s dans plusieurs\u00a0 pays, et un positionnement solide fond\u00e9 sur la rigueur technique et l\u2019excellence op\u00e9rationnelle. <\/span><\/h6>\n<p>[\/vc_column_text][\/vc_column_inner][\/vc_row_inner][vc_row_inner el_class=\u00a0\u00bbdiv-botao\u00a0\u00bb][vc_column_inner][vc_raw_html]JTA5JTA5JTNDZGl2JTIwY2xhc3MlM0QlMjJzZWUtbW9yZTElMjIlM0UlMEElMDklMDklMDlFbiUyMHNhdm9pciUyMHBsdXMlMEElMDklMDklMDklM0NzcGFuJTIwY2xhc3MlM0QlMjJzZWUtbW9yZTEtaWNvbiUyMiUzRSUwQSUwOSUwOSUwOSUwOSUzQ2ltZyUyMHNyYyUzRCUyMmh0dHBzJTNBJTJGJTJGbW9yZmlsLnB0JTJGd3AtY29udGVudCUyRnRoZW1lcyUyRm1vcmZpbF90aGVtZSUyRmFzc2V0cyUyRmltYWdlcyUyRmFycm93LnN2ZyUyMiUyMGFsdCUzRCUyMiUyMiUzRSUwQSUwQSUwQSUwOSUwOSUwOSUzQyUyRnNwYW4lM0UlMEElMDklMDklMDklM0MlMkZkaXYlM0U=[\/vc_raw_html][\/vc_column_inner][\/vc_row_inner][\/vc_column][\/vc_row][vc_row full_width=\u00a0\u00bbstretch_row_content_no_spaces\u00a0\u00bb el_class=\u00a0\u00bbhistoria_img\u00a0\u00bb css=\u00a0\u00bb.vc_custom_1752749415686{background-color: #ffffff !important;}\u00a0\u00bb][vc_column][vc_row_inner][vc_column_inner width=\u00a0\u00bb1\/2&Prime;][vc_column_text el_class=\u00a0\u00bbhistoria\u00a0\u00bb]<span style=\"font-weight: 400;\">Une histoire forg\u00e9e dans le m\u00e9tal<\/span><span style=\"font-weight: 400;\">. <\/span><\/p>\n<h6><span style=\"font-weight: 400;\">Nous avons commenc\u00e9 avec des projets r\u00e9gionaux, et nous avons \u00e9volu\u00e9 en suivant les\u00a0 exigences techniques du secteur, modernisant les processus et \u00e9largissant nos capacit\u00e9s.\u00a0 <\/span><\/h6>\n<h6><span style=\"font-weight: 400;\">Aujourd\u2019hui, nous intervenons dans diff\u00e9rents domaines, avec des solutions sur mesure,\u00a0 adapt\u00e9es \u00e0 diff\u00e9rentes \u00e9chelles, objectifs et contextes \u2014 alliant toujours rigueur technique,\u00a0 capacit\u00e9 industrielle et savoir-faire artisanal.<\/span><\/h6>\n<p>[\/vc_column_text][\/vc_column_inner][vc_column_inner width=\u00a0\u00bb1\/2&Prime;][vc_single_image image=\u00a0\u00bb1943&Prime; img_size=\u00a0\u00bbfull\u00a0\u00bb el_class=\u00a0\u00bbimg1&Prime;][vc_single_image image=\u00a0\u00bb1945&Prime; img_size=\u00a0\u00bbfull\u00a0\u00bb el_class=\u00a0\u00bbimg2&Prime;][\/vc_column_inner][\/vc_row_inner][vc_single_image image=\u00a0\u00bb226&Prime; img_size=\u00a0\u00bbfull\u00a0\u00bb el_class=\u00a0\u00bbhistoria_rectangle\u00a0\u00bb css=\u00a0\u00bb.vc_custom_1752747536644{background-color: #ffffff !important;}\u00a0\u00bb][\/vc_column][\/vc_row][vc_row full_width=\u00a0\u00bbstretch_row_content_no_spaces\u00a0\u00bb el_class=\u00a0\u00bbmodernizacao_img\u00a0\u00bb css=\u00a0\u00bb.vc_custom_1752747927613{background-color: #ffffff !important;}\u00a0\u00bb][vc_column][vc_row_inner][vc_column_inner width=\u00a0\u00bb5\/12&Prime;][vc_column_text el_class=\u00a0\u00bbmodernizacao\u00a0\u00bb]<span style=\"font-weight: 400;\">Modernisation. <\/span><br \/>\n<span style=\"font-weight: 400;\">Sp\u00e9cialisation.<\/span><\/p>\n<h6>Nous travaillons dans un entrep\u00f4t \u00e9quip\u00e9 de technologies modernes, o\u00f9 la tradition\u00a0 rencontre l&rsquo;efficacit\u00e9.<\/h6>\n<h6>Nous disposons d\u2019une \u00e9quipe exp\u00e9riment\u00e9e et polyvalente, pr\u00eate \u00e0\u00a0 relever chaque d\u00e9fi avec des solutions techniques sur mesure.<\/h6>\n<p>[\/vc_column_text][\/vc_column_inner][vc_column_inner el_class=\u00a0\u00bbcoluna-img\u00a0\u00bb width=\u00a0\u00bb7\/12&Prime; css=\u00a0\u00bb.vc_custom_1752236823412{background-image: url(https:\/\/morfil.pt\/wp-content\/uploads\/2025\/07\/modernizacao_rectangle.png?id=249) !important;background-position: center !important;background-repeat: no-repeat !important;background-size: cover !important;}\u00a0\u00bb][vc_single_image image=\u00a0\u00bb1397&Prime; img_size=\u00a0\u00bbfull\u00a0\u00bb el_class=\u00a0\u00bbimagem1&Prime;][vc_single_image image=\u00a0\u00bb1399&Prime; img_size=\u00a0\u00bbfull\u00a0\u00bb el_class=\u00a0\u00bbimagem2&Prime;][\/vc_column_inner][\/vc_row_inner][\/vc_column][\/vc_row][vc_row full_width=\u00a0\u00bbstretch_row_content_no_spaces\u00a0\u00bb el_class=\u00a0\u00bbpresenca_img\u00a0\u00bb css=\u00a0\u00bb.vc_custom_1752748032184{background-color: #ffffff !important;}\u00a0\u00bb][vc_column][vc_row_inner][vc_column_inner width=\u00a0\u00bb2\/3&Prime;][vc_column_text el_class=\u00a0\u00bbpresenca\u00a0\u00bb]<span style=\"font-weight: 400;\">Notre pr\u00e9sence <\/span><\/p>\n<p><span style=\"font-weight: 400;\">dans le monde <\/span><\/p>\n<h6>Notre capacit\u00e9 d\u2019adaptation et de livraison nous a permis de gagner\u00a0 une place sur plusieurs march\u00e9s internationaux.<\/h6>\n<h5>\u00abDes projets avec des racines locales, un impact\u00a0 global. \u00bb<\/h5>\n<p>[\/vc_column_text][vc_single_image image=\u00a0\u00bb252&Prime; img_size=\u00a0\u00bbfull\u00a0\u00bb el_class=\u00a0\u00bbpresenca_rectangle\u00a0\u00bb css=\u00a0\u00bb.vc_custom_1752747554099{background-color: #ffffff !important;}\u00a0\u00bb][\/vc_column_inner][vc_column_inner width=\u00a0\u00bb1\/3&Prime;][vc_single_image image=\u00a0\u00bb1402&Prime; img_size=\u00a0\u00bbfull\u00a0\u00bb el_class=\u00a0\u00bbfoto1&Prime;][\/vc_column_inner][\/vc_row_inner][\/vc_column][\/vc_row][vc_row full_width=\u00a0\u00bbstretch_row_content_no_spaces\u00a0\u00bb el_class=\u00a0\u00bbconstrucao_img\u00a0\u00bb css=\u00a0\u00bb.vc_custom_1752746150285{background-color: #ffffff !important;}\u00a0\u00bb][vc_column][vc_row_inner][vc_column_inner width=\u00a0\u00bb1\/2&Prime;][vc_column_text el_class=\u00a0\u00bbconstrucao\u00a0\u00bb]<span style=\"font-weight: 400;\">Une cr\u00e9ation consciente <\/span><\/p>\n<h6><span style=\"font-weight: 400;\">Nous int\u00e9grons des pratiques durables tout au long du processus \u2014 d\u00e8s la s\u00e9lection des\u00a0 mat\u00e9riaux \u00e0 la production et \u00e0 l\u2019installation.\u00a0\u00a0<\/span><span style=\"font-weight: 400;\">Notre engagement est de cro\u00eetre de mani\u00e8re responsable, en mettant l\u2019accent sur l\u2019efficacit\u00e9, la\u00a0 durabilit\u00e9 des mat\u00e9riaux et un impact positif. <\/span><\/h6>\n<h6><\/h6>\n<p>[\/vc_column_text][vc_single_image image=\u00a0\u00bb257&Prime; img_size=\u00a0\u00bbfull\u00a0\u00bb el_class=\u00a0\u00bbconstrucao_rectangle\u00a0\u00bb][\/vc_column_inner][vc_column_inner width=\u00a0\u00bb1\/2&Prime;][vc_single_image image=\u00a0\u00bb1405&Prime; img_size=\u00a0\u00bbfull\u00a0\u00bb el_class=\u00a0\u00bbphoto1&Prime;][\/vc_column_inner][\/vc_row_inner][\/vc_column][\/vc_row]<\/p>\n","protected":false},"excerpt":{"rendered":"<p>[vc_row full_width=\u00a0\u00bbstretch_row_content_no_spaces\u00a0\u00bb css=\u00a0\u00bb.vc_custom_1752753129681{background-image: url(https:\/\/morfil.pt\/wp-content\/uploads\/2025\/07\/1-scaled.png?id=234) !important;}\u00a0\u00bb el_class=\u00a0\u00bbquemsomos\u00a0\u00bb][vc_column][vc_row_inner el_class=\u00a0\u00bbdiv-texto\u00a0\u00bb][vc_column_inner][vc_column_text]75 ans d\u2019histoire\u00a0\u00a0[\/vc_column_text][vc_column_text] Au fil de trois g\u00e9n\u00e9rations, nous sommes pass\u00e9s d\u2019un petit atelier traditionnel \u00e0 une structure\u00a0 solide et innovante, tout en conservant les valeurs \u00e0 l\u2019origine de notre parcours : qualit\u00e9,\u00a0 engagement et confiance. Aujourd\u2019hui, notre pr\u00e9sence d\u00e9passe les fronti\u00e8res, avec des projets r\u00e9alis\u00e9s dans plusieurs\u00a0 pays, [&hellip;]<\/p>\n","protected":false},"author":1,"featured_media":0,"parent":0,"menu_order":0,"comment_status":"closed","ping_status":"closed","template":"","meta":{"_monsterinsights_skip_tracking":false,"_monsterinsights_sitenote_active":false,"_monsterinsights_sitenote_note":"","_monsterinsights_sitenote_category":0,"footnotes":""},"class_list":["post-1714","page","type-page","status-publish","hentry"],"yoast_head":"<!-- This site is optimized with the Yoast SEO plugin v26.5 - https:\/\/yoast.com\/wordpress\/plugins\/seo\/ -->\n<title>Qui sommes-nous - Morfil<\/title>\n<meta name=\"robots\" content=\"index, follow, max-snippet:-1, max-image-preview:large, max-video-preview:-1\" \/>\n<link rel=\"canonical\" href=\"https:\/\/morfil.pt\/fr\/quem-somos\/\" \/>\n<meta property=\"og:locale\" content=\"fr_FR\" \/>\n<meta property=\"og:type\" content=\"article\" \/>\n<meta property=\"og:title\" content=\"Qui sommes-nous - Morfil\" \/>\n<meta property=\"og:description\" content=\"[vc_row full_width=\u00a0\u00bbstretch_row_content_no_spaces\u00a0\u00bb css=\u00a0\u00bb.vc_custom_1752753129681{background-image: url(https:\/\/morfil.pt\/wp-content\/uploads\/2025\/07\/1-scaled.png?id=234) !important;}\u00a0\u00bb el_class=\u00a0\u00bbquemsomos\u00a0\u00bb][vc_column][vc_row_inner el_class=\u00a0\u00bbdiv-texto\u00a0\u00bb][vc_column_inner][vc_column_text]75 ans d\u2019histoire\u00a0\u00a0[\/vc_column_text][vc_column_text] Au fil de trois g\u00e9n\u00e9rations, nous sommes pass\u00e9s d\u2019un petit atelier traditionnel \u00e0 une structure\u00a0 solide et innovante, tout en conservant les valeurs \u00e0 l\u2019origine de notre parcours : qualit\u00e9,\u00a0 engagement et confiance. Aujourd\u2019hui, notre pr\u00e9sence d\u00e9passe les fronti\u00e8res, avec des projets r\u00e9alis\u00e9s dans plusieurs\u00a0 pays, [&hellip;]\" \/>\n<meta property=\"og:url\" content=\"https:\/\/morfil.pt\/fr\/quem-somos\/\" \/>\n<meta property=\"og:site_name\" content=\"Morfil\" \/>\n<meta property=\"article:publisher\" content=\"https:\/\/www.facebook.com\/morfil.pt\/about\/?id=61580741976600&amp;sk=about#\" \/>\n<meta property=\"article:modified_time\" content=\"2025-10-01T15:57:26+00:00\" \/>\n<meta name=\"twitter:card\" content=\"summary_large_image\" \/>\n<meta name=\"twitter:label1\" content=\"Dur\u00e9e de lecture estim\u00e9e\" \/>\n\t<meta name=\"twitter:data1\" content=\"4 minutes\" \/>\n<script type=\"application\/ld+json\" class=\"yoast-schema-graph\">{\"@context\":\"https:\/\/schema.org\",\"@graph\":[{\"@type\":\"WebPage\",\"@id\":\"https:\/\/morfil.pt\/fr\/quem-somos\/\",\"url\":\"https:\/\/morfil.pt\/fr\/quem-somos\/\",\"name\":\"Qui sommes-nous - Morfil\",\"isPartOf\":{\"@id\":\"https:\/\/morfil.pt\/#website\"},\"datePublished\":\"2025-07-07T11:11:08+00:00\",\"dateModified\":\"2025-10-01T15:57:26+00:00\",\"breadcrumb\":{\"@id\":\"https:\/\/morfil.pt\/fr\/quem-somos\/#breadcrumb\"},\"inLanguage\":\"fr-FR\",\"potentialAction\":[{\"@type\":\"ReadAction\",\"target\":[\"https:\/\/morfil.pt\/fr\/quem-somos\/\"]}]},{\"@type\":\"BreadcrumbList\",\"@id\":\"https:\/\/morfil.pt\/fr\/quem-somos\/#breadcrumb\",\"itemListElement\":[{\"@type\":\"ListItem\",\"position\":1,\"name\":\"In\u00edcio\",\"item\":\"https:\/\/morfil.pt\/fr\/\"},{\"@type\":\"ListItem\",\"position\":2,\"name\":\"Qui sommes-nous\"}]},{\"@type\":\"WebSite\",\"@id\":\"https:\/\/morfil.pt\/#website\",\"url\":\"https:\/\/morfil.pt\/\",\"name\":\"Morfil\",\"description\":\"\",\"publisher\":{\"@id\":\"https:\/\/morfil.pt\/#organization\"},\"potentialAction\":[{\"@type\":\"SearchAction\",\"target\":{\"@type\":\"EntryPoint\",\"urlTemplate\":\"https:\/\/morfil.pt\/?s={search_term_string}\"},\"query-input\":{\"@type\":\"PropertyValueSpecification\",\"valueRequired\":true,\"valueName\":\"search_term_string\"}}],\"inLanguage\":\"fr-FR\"},{\"@type\":\"Organization\",\"@id\":\"https:\/\/morfil.pt\/#organization\",\"name\":\"Morfil\",\"url\":\"https:\/\/morfil.pt\/\",\"logo\":{\"@type\":\"ImageObject\",\"inLanguage\":\"fr-FR\",\"@id\":\"https:\/\/morfil.pt\/#\/schema\/logo\/image\/\",\"url\":\"https:\/\/morfil.pt\/wp-content\/uploads\/2025\/10\/logo_7.svg\",\"contentUrl\":\"https:\/\/morfil.pt\/wp-content\/uploads\/2025\/10\/logo_7.svg\",\"width\":1,\"height\":1,\"caption\":\"Morfil\"},\"image\":{\"@id\":\"https:\/\/morfil.pt\/#\/schema\/logo\/image\/\"},\"sameAs\":[\"https:\/\/www.facebook.com\/morfil.pt\/about\/?id=61580741976600&sk=about#\",\"https:\/\/www.instagram.com\/morfil_serralharia\/\",\"https:\/\/www.linkedin.com\/company\/morfil-serralharia-artstica\/\"]}]}<\/script>\n<!-- \/ Yoast SEO plugin. -->","yoast_head_json":{"title":"Qui sommes-nous - Morfil","robots":{"index":"index","follow":"follow","max-snippet":"max-snippet:-1","max-image-preview":"max-image-preview:large","max-video-preview":"max-video-preview:-1"},"canonical":"https:\/\/morfil.pt\/fr\/quem-somos\/","og_locale":"fr_FR","og_type":"article","og_title":"Qui sommes-nous - Morfil","og_description":"[vc_row full_width=\u00a0\u00bbstretch_row_content_no_spaces\u00a0\u00bb css=\u00a0\u00bb.vc_custom_1752753129681{background-image: url(https:\/\/morfil.pt\/wp-content\/uploads\/2025\/07\/1-scaled.png?id=234) !important;}\u00a0\u00bb el_class=\u00a0\u00bbquemsomos\u00a0\u00bb][vc_column][vc_row_inner el_class=\u00a0\u00bbdiv-texto\u00a0\u00bb][vc_column_inner][vc_column_text]75 ans d\u2019histoire\u00a0\u00a0[\/vc_column_text][vc_column_text] Au fil de trois g\u00e9n\u00e9rations, nous sommes pass\u00e9s d\u2019un petit atelier traditionnel \u00e0 une structure\u00a0 solide et innovante, tout en conservant les valeurs \u00e0 l\u2019origine de notre parcours : qualit\u00e9,\u00a0 engagement et confiance. Aujourd\u2019hui, notre pr\u00e9sence d\u00e9passe les fronti\u00e8res, avec des projets r\u00e9alis\u00e9s dans plusieurs\u00a0 pays, [&hellip;]","og_url":"https:\/\/morfil.pt\/fr\/quem-somos\/","og_site_name":"Morfil","article_publisher":"https:\/\/www.facebook.com\/morfil.pt\/about\/?id=61580741976600&sk=about#","article_modified_time":"2025-10-01T15:57:26+00:00","twitter_card":"summary_large_image","twitter_misc":{"Dur\u00e9e de lecture estim\u00e9e":"4 minutes"},"schema":{"@context":"https:\/\/schema.org","@graph":[{"@type":"WebPage","@id":"https:\/\/morfil.pt\/fr\/quem-somos\/","url":"https:\/\/morfil.pt\/fr\/quem-somos\/","name":"Qui sommes-nous - Morfil","isPartOf":{"@id":"https:\/\/morfil.pt\/#website"},"datePublished":"2025-07-07T11:11:08+00:00","dateModified":"2025-10-01T15:57:26+00:00","breadcrumb":{"@id":"https:\/\/morfil.pt\/fr\/quem-somos\/#breadcrumb"},"inLanguage":"fr-FR","potentialAction":[{"@type":"ReadAction","target":["https:\/\/morfil.pt\/fr\/quem-somos\/"]}]},{"@type":"BreadcrumbList","@id":"https:\/\/morfil.pt\/fr\/quem-somos\/#breadcrumb","itemListElement":[{"@type":"ListItem","position":1,"name":"In\u00edcio","item":"https:\/\/morfil.pt\/fr\/"},{"@type":"ListItem","position":2,"name":"Qui sommes-nous"}]},{"@type":"WebSite","@id":"https:\/\/morfil.pt\/#website","url":"https:\/\/morfil.pt\/","name":"Morfil","description":"","publisher":{"@id":"https:\/\/morfil.pt\/#organization"},"potentialAction":[{"@type":"SearchAction","target":{"@type":"EntryPoint","urlTemplate":"https:\/\/morfil.pt\/?s={search_term_string}"},"query-input":{"@type":"PropertyValueSpecification","valueRequired":true,"valueName":"search_term_string"}}],"inLanguage":"fr-FR"},{"@type":"Organization","@id":"https:\/\/morfil.pt\/#organization","name":"Morfil","url":"https:\/\/morfil.pt\/","logo":{"@type":"ImageObject","inLanguage":"fr-FR","@id":"https:\/\/morfil.pt\/#\/schema\/logo\/image\/","url":"https:\/\/morfil.pt\/wp-content\/uploads\/2025\/10\/logo_7.svg","contentUrl":"https:\/\/morfil.pt\/wp-content\/uploads\/2025\/10\/logo_7.svg","width":1,"height":1,"caption":"Morfil"},"image":{"@id":"https:\/\/morfil.pt\/#\/schema\/logo\/image\/"},"sameAs":["https:\/\/www.facebook.com\/morfil.pt\/about\/?id=61580741976600&sk=about#","https:\/\/www.instagram.com\/morfil_serralharia\/","https:\/\/www.linkedin.com\/company\/morfil-serralharia-artstica\/"]}]}},"_links":{"self":[{"href":"https:\/\/morfil.pt\/fr\/wp-json\/wp\/v2\/pages\/1714","targetHints":{"allow":["GET"]}}],"collection":[{"href":"https:\/\/morfil.pt\/fr\/wp-json\/wp\/v2\/pages"}],"about":[{"href":"https:\/\/morfil.pt\/fr\/wp-json\/wp\/v2\/types\/page"}],"author":[{"embeddable":true,"href":"https:\/\/morfil.pt\/fr\/wp-json\/wp\/v2\/users\/1"}],"replies":[{"embeddable":true,"href":"https:\/\/morfil.pt\/fr\/wp-json\/wp\/v2\/comments?post=1714"}],"version-history":[{"count":0,"href":"https:\/\/morfil.pt\/fr\/wp-json\/wp\/v2\/pages\/1714\/revisions"}],"wp:attachment":[{"href":"https:\/\/morfil.pt\/fr\/wp-json\/wp\/v2\/media?parent=1714"}],"curies":[{"name":"wp","href":"https:\/\/api.w.org\/{rel}","templated":true}]}}