{"id":1715,"date":"2025-07-02T07:48:57","date_gmt":"2025-07-02T07:48:57","guid":{"rendered":"https:\/\/morfil.pt\/servicos\/"},"modified":"2025-09-29T13:50:04","modified_gmt":"2025-09-29T13:50:04","slug":"servicos","status":"publish","type":"page","link":"https:\/\/morfil.pt\/fr\/servicos\/","title":{"rendered":"Services"},"content":{"rendered":"<p>[vc_row el_class=\u00a0\u00bbservico-wrapper\u00a0\u00bb][vc_column][vc_column_text]<section class=\"servicos-section\"><div class=\"pos-sti\">\n              <div class=\"bloco-titulo-grande\">\n                <div class=\"bloco-titulo-grande-texto\">De l\u2019id\u00e9e au produit final.<\/div>\n              <\/div>\n            <\/div><div class=\"servico-lista\"><div class=\"servico-linha\">\n                  <div class=\"servico-texto\"><h3>Structures m\u00e9talliques et architecturales<\/h3><p>Nous concevons et r\u00e9alisons des structures m\u00e9talliques sur mesure, combinant r\u00e9sistance, fonctionnalit\u00e9 et esth\u00e9tique.<\/p><\/div>  <div class=\"servico-imagem\">\n                    <div class=\"servico-imagem-wrapper\"><img decoding=\"async\" src=\"https:\/\/morfil.pt\/wp-content\/uploads\/2025\/07\/grey-concrete-building-with-white-metal-railings-blue-sky-1-1-1600x2000.jpg\" alt=\"Structures m\u00e9talliques et architecturales\"><\/div>\n                  <\/div>\n                <\/div><div class=\"servico-linha\">\n                  <div class=\"servico-texto\"><h3>Portes et Cl\u00f4tures<\/h3><p>Nous proposons des solutions personnalisables, adapt\u00e9es \u00e0 diff\u00e9rents contextes \u2013 r\u00e9sidentiels, commerciaux ou industriels.<\/p><\/div>  <div class=\"servico-imagem\">\n                    <div class=\"servico-imagem-wrapper\"><img decoding=\"async\" src=\"https:\/\/morfil.pt\/wp-content\/uploads\/2025\/07\/DSC_3470-Editar\u00a9JoaoRey.jpg\" alt=\"Portes et Cl\u00f4tures\"><\/div>\n                  <\/div>\n                <\/div><div class=\"servico-linha\">\n                  <div class=\"servico-texto\"><h3>Mobilier personnalis\u00e9<\/h3><p>Nous cr\u00e9ons des pi\u00e8ces de mobilier uniques, en associant m\u00e9tal et autres mat\u00e9riaux tels que le bois, le verre ou la pierre.<\/p><\/div>  <div class=\"servico-imagem\">\n                    <div class=\"servico-imagem-wrapper\"><img decoding=\"async\" src=\"https:\/\/morfil.pt\/wp-content\/uploads\/2025\/07\/22827319176j8g3pb4-1.jpg\" alt=\"Mobilier personnalis\u00e9\"><\/div>\n                  <\/div>\n                <\/div><div class=\"servico-linha\">\n                  <div class=\"servico-texto\"><h3>\u00c9l\u00e9ments d\u00e9coratifs et fonctionnels<\/h3><p>Nous concevons des \u00e9l\u00e9ments m\u00e9talliques qui valorisent les espaces : garde-corps, rampes, cloisons, entre autres.<\/p><\/div>  <div class=\"servico-imagem\">\n                    <div class=\"servico-imagem-wrapper\"><img decoding=\"async\" src=\"https:\/\/morfil.pt\/wp-content\/uploads\/2025\/07\/22827321266tEaSpb4-2-1.jpg\" alt=\"\u00c9l\u00e9ments d\u00e9coratifs et fonctionnels\"><\/div>\n                  <\/div>\n                <\/div><div class=\"servico-linha\">\n                  <div class=\"servico-texto\"><h3>Projets sur mesure<\/h3><p>Nous d\u00e9veloppons des solutions enti\u00e8rement adapt\u00e9es \u00e0 l\u2019espace et aux besoins de chaque client.<\/p><\/div>  <div class=\"servico-imagem\">\n                    <div class=\"servico-imagem-wrapper\"><img decoding=\"async\" src=\"https:\/\/morfil.pt\/wp-content\/uploads\/2025\/07\/DSC08198-31-1-2000x1935.jpg\" alt=\"Projets sur mesure\"><\/div>\n                  <\/div>\n                <\/div><\/div><\/section>[\/vc_column_text][\/vc_column][\/vc_row][vc_row full_width=\u00a0\u00bbstretch_row_content_no_spaces\u00a0\u00bb gap=\u00a0\u00bb35&Prime; full_height=\u00a0\u00bbyes\u00a0\u00bb equal_height=\u00a0\u00bbyes\u00a0\u00bb el_class=\u00a0\u00bbprojeto\u00a0\u00bb css=\u00a0\u00bb.vc_custom_1758886228946{background-image: url(https:\/\/morfil.pt\/wp-content\/uploads\/2025\/09\/6bffbf_daf4c9cfb94f480e96bf526aa65b9520mv2-1.jpeg?id=1442) !important;}\u00a0\u00bb][vc_column][vc_row_inner el_class=\u00a0\u00bbdiv-texto\u00a0\u00bb][vc_column_inner][vc_column_text]<span style=\"font-weight: 400;\">Vous avez un projet en t\u00eate ?<\/span>[\/vc_column_text][vc_raw_html]JTNDYSUyMGNsYXNzJTNEJTIyaGVyby1idXR0b24lMjIlMjBocmVmJTNEJTIyJTJGY29udGFjdG9zJTIyJTNFJTBBJTIwJTIwJTIwJTIwJTIwJTIwJTIwJTIwJTIwJTIwJTIwJTIwJTIwJTIwJTIwJTIwJTNDc3BhbiUyMGNsYXNzJTNEJTIyYnV0dG9uLXRleHQlMjIlM0VDb250YWN0ZXotbm91cyUzQyUyRnNwYW4lM0UlMEElMjAlMjAlMjAlMjAlMjAlMjAlMjAlMjAlMjAlMjAlMjAlMjAlMjAlMjAlMjAlMjAlM0NzcGFuJTIwY2xhc3MlM0QlMjJidXR0b24taWNvbiUyMiUzRSUwQSUyMCUyMCUyMCUyMCUyMCUyMCUyMCUyMCUyMCUyMCUyMCUyMCUyMCUyMCUyMCUyMCUyMCUyMCUyMCUyMCUzQ2ltZyUyMGNsYXNzJTNEJTIyYXJyb3ctZGFyayUyMiUyMHNyYyUzRCUyMmh0dHBzJTNBJTJGJTJGbW9yZmlsLnB0JTJGd3AtY29udGVudCUyRnVwbG9hZHMlMkYyMDI1JTJGMDclMkZhcnJvdy1idXR0b24tZGFyay5wbmclMjIlMjBhbHQlM0QlMjIlMjIlM0UlMEElMjAlMjAlMjAlMjAlMjAlMjAlMjAlMjAlMjAlMjAlMjAlMjAlMjAlMjAlMjAlMjAlMjAlMjAlMjAlMjAlM0NpbWclMjBjbGFzcyUzRCUyMmFycm93LXJlZCUyMiUyMHNyYyUzRCUyMmh0dHBzJTNBJTJGJTJGbW9yZmlsLnB0JTJGd3AtY29udGVudCUyRnVwbG9hZHMlMkYyMDI1JTJGMDclMkZhcnJvdy1idXR0b24tcmVkLnBuZyUyMiUyMGFsdCUzRCUyMiUyMiUzRSUwQSUyMCUyMCUyMCUyMCUyMCUyMCUyMCUyMCUyMCUyMCUyMCUyMCUyMCUyMCUyMCUyMCUzQyUyRnNwYW4lM0UlMEElMjAlMjAlMjAlMjAlMjAlMjAlMjAlMjAlMjAlMjAlMjAlMjAlM0MlMkZhJTNF[\/vc_raw_html][\/vc_column_inner][\/vc_row_inner][\/vc_column][\/vc_row]<\/p>\n","protected":false},"excerpt":{"rendered":"<p>[vc_row el_class=\u00a0\u00bbservico-wrapper\u00a0\u00bb][vc_column][vc_column_text][\/vc_column_text][\/vc_column][\/vc_row][vc_row full_width=\u00a0\u00bbstretch_row_content_no_spaces\u00a0\u00bb gap=\u00a0\u00bb35&Prime; full_height=\u00a0\u00bbyes\u00a0\u00bb equal_height=\u00a0\u00bbyes\u00a0\u00bb el_class=\u00a0\u00bbprojeto\u00a0\u00bb css=\u00a0\u00bb.vc_custom_1758886228946{background-image: url(https:\/\/morfil.pt\/wp-content\/uploads\/2025\/09\/6bffbf_daf4c9cfb94f480e96bf526aa65b9520mv2-1.jpeg?id=1442) !important;}\u00a0\u00bb][vc_column][vc_row_inner el_class=\u00a0\u00bbdiv-texto\u00a0\u00bb][vc_column_inner][vc_column_text]Vous avez un projet en t\u00eate ?[\/vc_column_text][vc_raw_html]JTNDYSUyMGNsYXNzJTNEJTIyaGVyby1idXR0b24lMjIlMjBocmVmJTNEJTIyJTJGY29udGFjdG9zJTIyJTNFJTBBJTIwJTIwJTIwJTIwJTIwJTIwJTIwJTIwJTIwJTIwJTIwJTIwJTIwJTIwJTIwJTIwJTNDc3BhbiUyMGNsYXNzJTNEJTIyYnV0dG9uLXRleHQlMjIlM0VDb250YWN0ZXotbm91cyUzQyUyRnNwYW4lM0UlMEElMjAlMjAlMjAlMjAlMjAlMjAlMjAlMjAlMjAlMjAlMjAlMjAlMjAlMjAlMjAlMjAlM0NzcGFuJTIwY2xhc3MlM0QlMjJidXR0b24taWNvbiUyMiUzRSUwQSUyMCUyMCUyMCUyMCUyMCUyMCUyMCUyMCUyMCUyMCUyMCUyMCUyMCUyMCUyMCUyMCUyMCUyMCUyMCUyMCUzQ2ltZyUyMGNsYXNzJTNEJTIyYXJyb3ctZGFyayUyMiUyMHNyYyUzRCUyMmh0dHBzJTNBJTJGJTJGbW9yZmlsLnB0JTJGd3AtY29udGVudCUyRnVwbG9hZHMlMkYyMDI1JTJGMDclMkZhcnJvdy1idXR0b24tZGFyay5wbmclMjIlMjBhbHQlM0QlMjIlMjIlM0UlMEElMjAlMjAlMjAlMjAlMjAlMjAlMjAlMjAlMjAlMjAlMjAlMjAlMjAlMjAlMjAlMjAlMjAlMjAlMjAlMjAlM0NpbWclMjBjbGFzcyUzRCUyMmFycm93LXJlZCUyMiUyMHNyYyUzRCUyMmh0dHBzJTNBJTJGJTJGbW9yZmlsLnB0JTJGd3AtY29udGVudCUyRnVwbG9hZHMlMkYyMDI1JTJGMDclMkZhcnJvdy1idXR0b24tcmVkLnBuZyUyMiUyMGFsdCUzRCUyMiUyMiUzRSUwQSUyMCUyMCUyMCUyMCUyMCUyMCUyMCUyMCUyMCUyMCUyMCUyMCUyMCUyMCUyMCUyMCUzQyUyRnNwYW4lM0UlMEElMjAlMjAlMjAlMjAlMjAlMjAlMjAlMjAlMjAlMjAlMjAlMjAlM0MlMkZhJTNF[\/vc_raw_html][\/vc_column_inner][\/vc_row_inner][\/vc_column][\/vc_row]<\/p>\n","protected":false},"author":1,"featured_media":0,"parent":0,"menu_order":0,"comment_status":"closed","ping_status":"closed","template":"","meta":{"_monsterinsights_skip_tracking":false,"_monsterinsights_sitenote_active":false,"_monsterinsights_sitenote_note":"","_monsterinsights_sitenote_category":0,"footnotes":""},"class_list":["post-1715","page","type-page","status-publish","hentry"],"yoast_head":"<!-- This site is optimized with the Yoast SEO plugin v26.5 - https:\/\/yoast.com\/wordpress\/plugins\/seo\/ -->\n<title>Services - Morfil<\/title>\n<meta name=\"robots\" content=\"index, follow, max-snippet:-1, max-image-preview:large, max-video-preview:-1\" \/>\n<link rel=\"canonical\" href=\"https:\/\/morfil.pt\/fr\/servicos\/\" \/>\n<meta property=\"og:locale\" content=\"fr_FR\" \/>\n<meta property=\"og:type\" content=\"article\" \/>\n<meta property=\"og:title\" content=\"Services - Morfil\" \/>\n<meta property=\"og:description\" content=\"[vc_row el_class=\u00a0\u00bbservico-wrapper\u00a0\u00bb][vc_column][vc_column_text][\/vc_column_text][\/vc_column][\/vc_row][vc_row full_width=\u00a0\u00bbstretch_row_content_no_spaces\u00a0\u00bb gap=\u00a0\u00bb35&Prime; full_height=\u00a0\u00bbyes\u00a0\u00bb equal_height=\u00a0\u00bbyes\u00a0\u00bb el_class=\u00a0\u00bbprojeto\u00a0\u00bb css=\u00a0\u00bb.vc_custom_1758886228946{background-image: url(https:\/\/morfil.pt\/wp-content\/uploads\/2025\/09\/6bffbf_daf4c9cfb94f480e96bf526aa65b9520mv2-1.jpeg?id=1442) !important;}\u00a0\u00bb][vc_column][vc_row_inner el_class=\u00a0\u00bbdiv-texto\u00a0\u00bb][vc_column_inner][vc_column_text]Vous avez un projet en t\u00eate ?[\/vc_column_text][vc_raw_html]JTNDYSUyMGNsYXNzJTNEJTIyaGVyby1idXR0b24lMjIlMjBocmVmJTNEJTIyJTJGY29udGFjdG9zJTIyJTNFJTBBJTIwJTIwJTIwJTIwJTIwJTIwJTIwJTIwJTIwJTIwJTIwJTIwJTIwJTIwJTIwJTIwJTNDc3BhbiUyMGNsYXNzJTNEJTIyYnV0dG9uLXRleHQlMjIlM0VDb250YWN0ZXotbm91cyUzQyUyRnNwYW4lM0UlMEElMjAlMjAlMjAlMjAlMjAlMjAlMjAlMjAlMjAlMjAlMjAlMjAlMjAlMjAlMjAlMjAlM0NzcGFuJTIwY2xhc3MlM0QlMjJidXR0b24taWNvbiUyMiUzRSUwQSUyMCUyMCUyMCUyMCUyMCUyMCUyMCUyMCUyMCUyMCUyMCUyMCUyMCUyMCUyMCUyMCUyMCUyMCUyMCUyMCUzQ2ltZyUyMGNsYXNzJTNEJTIyYXJyb3ctZGFyayUyMiUyMHNyYyUzRCUyMmh0dHBzJTNBJTJGJTJGbW9yZmlsLnB0JTJGd3AtY29udGVudCUyRnVwbG9hZHMlMkYyMDI1JTJGMDclMkZhcnJvdy1idXR0b24tZGFyay5wbmclMjIlMjBhbHQlM0QlMjIlMjIlM0UlMEElMjAlMjAlMjAlMjAlMjAlMjAlMjAlMjAlMjAlMjAlMjAlMjAlMjAlMjAlMjAlMjAlMjAlMjAlMjAlMjAlM0NpbWclMjBjbGFzcyUzRCUyMmFycm93LXJlZCUyMiUyMHNyYyUzRCUyMmh0dHBzJTNBJTJGJTJGbW9yZmlsLnB0JTJGd3AtY29udGVudCUyRnVwbG9hZHMlMkYyMDI1JTJGMDclMkZhcnJvdy1idXR0b24tcmVkLnBuZyUyMiUyMGFsdCUzRCUyMiUyMiUzRSUwQSUyMCUyMCUyMCUyMCUyMCUyMCUyMCUyMCUyMCUyMCUyMCUyMCUyMCUyMCUyMCUyMCUzQyUyRnNwYW4lM0UlMEElMjAlMjAlMjAlMjAlMjAlMjAlMjAlMjAlMjAlMjAlMjAlMjAlM0MlMkZhJTNF[\/vc_raw_html][\/vc_column_inner][\/vc_row_inner][\/vc_column][\/vc_row]\" \/>\n<meta property=\"og:url\" content=\"https:\/\/morfil.pt\/fr\/servicos\/\" \/>\n<meta property=\"og:site_name\" content=\"Morfil\" \/>\n<meta property=\"article:publisher\" content=\"https:\/\/www.facebook.com\/morfil.pt\/about\/?id=61580741976600&amp;sk=about#\" \/>\n<meta property=\"article:modified_time\" content=\"2025-09-29T13:50:04+00:00\" \/>\n<meta name=\"twitter:card\" content=\"summary_large_image\" \/>\n<meta name=\"twitter:label1\" content=\"Dur\u00e9e de lecture estim\u00e9e\" \/>\n\t<meta name=\"twitter:data1\" content=\"1 minute\" \/>\n<script type=\"application\/ld+json\" class=\"yoast-schema-graph\">{\"@context\":\"https:\/\/schema.org\",\"@graph\":[{\"@type\":\"WebPage\",\"@id\":\"https:\/\/morfil.pt\/fr\/servicos\/\",\"url\":\"https:\/\/morfil.pt\/fr\/servicos\/\",\"name\":\"Services - Morfil\",\"isPartOf\":{\"@id\":\"https:\/\/morfil.pt\/#website\"},\"datePublished\":\"2025-07-02T07:48:57+00:00\",\"dateModified\":\"2025-09-29T13:50:04+00:00\",\"breadcrumb\":{\"@id\":\"https:\/\/morfil.pt\/fr\/servicos\/#breadcrumb\"},\"inLanguage\":\"fr-FR\",\"potentialAction\":[{\"@type\":\"ReadAction\",\"target\":[\"https:\/\/morfil.pt\/fr\/servicos\/\"]}]},{\"@type\":\"BreadcrumbList\",\"@id\":\"https:\/\/morfil.pt\/fr\/servicos\/#breadcrumb\",\"itemListElement\":[{\"@type\":\"ListItem\",\"position\":1,\"name\":\"In\u00edcio\",\"item\":\"https:\/\/morfil.pt\/fr\/\"},{\"@type\":\"ListItem\",\"position\":2,\"name\":\"Services\"}]},{\"@type\":\"WebSite\",\"@id\":\"https:\/\/morfil.pt\/#website\",\"url\":\"https:\/\/morfil.pt\/\",\"name\":\"Morfil\",\"description\":\"\",\"publisher\":{\"@id\":\"https:\/\/morfil.pt\/#organization\"},\"potentialAction\":[{\"@type\":\"SearchAction\",\"target\":{\"@type\":\"EntryPoint\",\"urlTemplate\":\"https:\/\/morfil.pt\/?s={search_term_string}\"},\"query-input\":{\"@type\":\"PropertyValueSpecification\",\"valueRequired\":true,\"valueName\":\"search_term_string\"}}],\"inLanguage\":\"fr-FR\"},{\"@type\":\"Organization\",\"@id\":\"https:\/\/morfil.pt\/#organization\",\"name\":\"Morfil\",\"url\":\"https:\/\/morfil.pt\/\",\"logo\":{\"@type\":\"ImageObject\",\"inLanguage\":\"fr-FR\",\"@id\":\"https:\/\/morfil.pt\/#\/schema\/logo\/image\/\",\"url\":\"https:\/\/morfil.pt\/wp-content\/uploads\/2025\/10\/logo_7.svg\",\"contentUrl\":\"https:\/\/morfil.pt\/wp-content\/uploads\/2025\/10\/logo_7.svg\",\"width\":1,\"height\":1,\"caption\":\"Morfil\"},\"image\":{\"@id\":\"https:\/\/morfil.pt\/#\/schema\/logo\/image\/\"},\"sameAs\":[\"https:\/\/www.facebook.com\/morfil.pt\/about\/?id=61580741976600&sk=about#\",\"https:\/\/www.instagram.com\/morfil_serralharia\/\",\"https:\/\/www.linkedin.com\/company\/morfil-serralharia-artstica\/\"]}]}<\/script>\n<!-- \/ Yoast SEO plugin. -->","yoast_head_json":{"title":"Services - Morfil","robots":{"index":"index","follow":"follow","max-snippet":"max-snippet:-1","max-image-preview":"max-image-preview:large","max-video-preview":"max-video-preview:-1"},"canonical":"https:\/\/morfil.pt\/fr\/servicos\/","og_locale":"fr_FR","og_type":"article","og_title":"Services - Morfil","og_description":"[vc_row el_class=\u00a0\u00bbservico-wrapper\u00a0\u00bb][vc_column][vc_column_text][\/vc_column_text][\/vc_column][\/vc_row][vc_row full_width=\u00a0\u00bbstretch_row_content_no_spaces\u00a0\u00bb gap=\u00a0\u00bb35&Prime; full_height=\u00a0\u00bbyes\u00a0\u00bb equal_height=\u00a0\u00bbyes\u00a0\u00bb el_class=\u00a0\u00bbprojeto\u00a0\u00bb css=\u00a0\u00bb.vc_custom_1758886228946{background-image: url(https:\/\/morfil.pt\/wp-content\/uploads\/2025\/09\/6bffbf_daf4c9cfb94f480e96bf526aa65b9520mv2-1.jpeg?id=1442) !important;}\u00a0\u00bb][vc_column][vc_row_inner el_class=\u00a0\u00bbdiv-texto\u00a0\u00bb][vc_column_inner][vc_column_text]Vous avez un projet en t\u00eate ?[\/vc_column_text][vc_raw_html]JTNDYSUyMGNsYXNzJTNEJTIyaGVyby1idXR0b24lMjIlMjBocmVmJTNEJTIyJTJGY29udGFjdG9zJTIyJTNFJTBBJTIwJTIwJTIwJTIwJTIwJTIwJTIwJTIwJTIwJTIwJTIwJTIwJTIwJTIwJTIwJTIwJTNDc3BhbiUyMGNsYXNzJTNEJTIyYnV0dG9uLXRleHQlMjIlM0VDb250YWN0ZXotbm91cyUzQyUyRnNwYW4lM0UlMEElMjAlMjAlMjAlMjAlMjAlMjAlMjAlMjAlMjAlMjAlMjAlMjAlMjAlMjAlMjAlMjAlM0NzcGFuJTIwY2xhc3MlM0QlMjJidXR0b24taWNvbiUyMiUzRSUwQSUyMCUyMCUyMCUyMCUyMCUyMCUyMCUyMCUyMCUyMCUyMCUyMCUyMCUyMCUyMCUyMCUyMCUyMCUyMCUyMCUzQ2ltZyUyMGNsYXNzJTNEJTIyYXJyb3ctZGFyayUyMiUyMHNyYyUzRCUyMmh0dHBzJTNBJTJGJTJGbW9yZmlsLnB0JTJGd3AtY29udGVudCUyRnVwbG9hZHMlMkYyMDI1JTJGMDclMkZhcnJvdy1idXR0b24tZGFyay5wbmclMjIlMjBhbHQlM0QlMjIlMjIlM0UlMEElMjAlMjAlMjAlMjAlMjAlMjAlMjAlMjAlMjAlMjAlMjAlMjAlMjAlMjAlMjAlMjAlMjAlMjAlMjAlMjAlM0NpbWclMjBjbGFzcyUzRCUyMmFycm93LXJlZCUyMiUyMHNyYyUzRCUyMmh0dHBzJTNBJTJGJTJGbW9yZmlsLnB0JTJGd3AtY29udGVudCUyRnVwbG9hZHMlMkYyMDI1JTJGMDclMkZhcnJvdy1idXR0b24tcmVkLnBuZyUyMiUyMGFsdCUzRCUyMiUyMiUzRSUwQSUyMCUyMCUyMCUyMCUyMCUyMCUyMCUyMCUyMCUyMCUyMCUyMCUyMCUyMCUyMCUyMCUzQyUyRnNwYW4lM0UlMEElMjAlMjAlMjAlMjAlMjAlMjAlMjAlMjAlMjAlMjAlMjAlMjAlM0MlMkZhJTNF[\/vc_raw_html][\/vc_column_inner][\/vc_row_inner][\/vc_column][\/vc_row]","og_url":"https:\/\/morfil.pt\/fr\/servicos\/","og_site_name":"Morfil","article_publisher":"https:\/\/www.facebook.com\/morfil.pt\/about\/?id=61580741976600&sk=about#","article_modified_time":"2025-09-29T13:50:04+00:00","twitter_card":"summary_large_image","twitter_misc":{"Dur\u00e9e de lecture estim\u00e9e":"1 minute"},"schema":{"@context":"https:\/\/schema.org","@graph":[{"@type":"WebPage","@id":"https:\/\/morfil.pt\/fr\/servicos\/","url":"https:\/\/morfil.pt\/fr\/servicos\/","name":"Services - Morfil","isPartOf":{"@id":"https:\/\/morfil.pt\/#website"},"datePublished":"2025-07-02T07:48:57+00:00","dateModified":"2025-09-29T13:50:04+00:00","breadcrumb":{"@id":"https:\/\/morfil.pt\/fr\/servicos\/#breadcrumb"},"inLanguage":"fr-FR","potentialAction":[{"@type":"ReadAction","target":["https:\/\/morfil.pt\/fr\/servicos\/"]}]},{"@type":"BreadcrumbList","@id":"https:\/\/morfil.pt\/fr\/servicos\/#breadcrumb","itemListElement":[{"@type":"ListItem","position":1,"name":"In\u00edcio","item":"https:\/\/morfil.pt\/fr\/"},{"@type":"ListItem","position":2,"name":"Services"}]},{"@type":"WebSite","@id":"https:\/\/morfil.pt\/#website","url":"https:\/\/morfil.pt\/","name":"Morfil","description":"","publisher":{"@id":"https:\/\/morfil.pt\/#organization"},"potentialAction":[{"@type":"SearchAction","target":{"@type":"EntryPoint","urlTemplate":"https:\/\/morfil.pt\/?s={search_term_string}"},"query-input":{"@type":"PropertyValueSpecification","valueRequired":true,"valueName":"search_term_string"}}],"inLanguage":"fr-FR"},{"@type":"Organization","@id":"https:\/\/morfil.pt\/#organization","name":"Morfil","url":"https:\/\/morfil.pt\/","logo":{"@type":"ImageObject","inLanguage":"fr-FR","@id":"https:\/\/morfil.pt\/#\/schema\/logo\/image\/","url":"https:\/\/morfil.pt\/wp-content\/uploads\/2025\/10\/logo_7.svg","contentUrl":"https:\/\/morfil.pt\/wp-content\/uploads\/2025\/10\/logo_7.svg","width":1,"height":1,"caption":"Morfil"},"image":{"@id":"https:\/\/morfil.pt\/#\/schema\/logo\/image\/"},"sameAs":["https:\/\/www.facebook.com\/morfil.pt\/about\/?id=61580741976600&sk=about#","https:\/\/www.instagram.com\/morfil_serralharia\/","https:\/\/www.linkedin.com\/company\/morfil-serralharia-artstica\/"]}]}},"_links":{"self":[{"href":"https:\/\/morfil.pt\/fr\/wp-json\/wp\/v2\/pages\/1715","targetHints":{"allow":["GET"]}}],"collection":[{"href":"https:\/\/morfil.pt\/fr\/wp-json\/wp\/v2\/pages"}],"about":[{"href":"https:\/\/morfil.pt\/fr\/wp-json\/wp\/v2\/types\/page"}],"author":[{"embeddable":true,"href":"https:\/\/morfil.pt\/fr\/wp-json\/wp\/v2\/users\/1"}],"replies":[{"embeddable":true,"href":"https:\/\/morfil.pt\/fr\/wp-json\/wp\/v2\/comments?post=1715"}],"version-history":[{"count":0,"href":"https:\/\/morfil.pt\/fr\/wp-json\/wp\/v2\/pages\/1715\/revisions"}],"wp:attachment":[{"href":"https:\/\/morfil.pt\/fr\/wp-json\/wp\/v2\/media?parent=1715"}],"curies":[{"name":"wp","href":"https:\/\/api.w.org\/{rel}","templated":true}]}}